{"id":434,"date":"2024-12-03T16:32:42","date_gmt":"2024-12-03T16:32:42","guid":{"rendered":"https:\/\/www.telentic.es\/prueba\/?page_id=434"},"modified":"2024-12-04T14:35:27","modified_gmt":"2024-12-04T14:35:27","slug":"politica-de-cookies","status":"publish","type":"page","link":"https:\/\/www.telentic.es\/index.php\/politica-de-cookies\/","title":{"rendered":"Pol\u00edtica de Cookies"},"content":{"rendered":"\t\t<div data-elementor-type=\"wp-page\" data-elementor-id=\"434\" class=\"elementor elementor-434\">\n\t\t\t\t<div class=\"elementor-element elementor-element-c42471f e-flex e-con-boxed e-con e-parent\" data-id=\"c42471f\" data-element_type=\"container\">\n\t\t\t\t\t<div class=\"e-con-inner\">\n\t\t<div class=\"elementor-element elementor-element-b66276e e-flex e-con-boxed e-con e-child\" data-id=\"b66276e\" data-element_type=\"container\">\n\t\t\t\t\t<div class=\"e-con-inner\">\n\t\t<div class=\"elementor-element elementor-element-ab0a4e3 e-con-full e-flex e-con e-child\" data-id=\"ab0a4e3\" data-element_type=\"container\">\n\t\t\t\t<div class=\"elementor-element elementor-element-8bbce74 elementor-widget elementor-widget-heading\" data-id=\"8bbce74\" data-element_type=\"widget\" data-widget_type=\"heading.default\">\n\t\t\t\t<div class=\"elementor-widget-container\">\n\t\t\t\t\t<h2 class=\"elementor-heading-title elementor-size-default\">POL\u00cdTICA DE COOKIES<\/h2>\t\t\t\t<\/div>\n\t\t\t\t<\/div>\n\t\t\t\t<\/div>\n\t\t<div class=\"elementor-element elementor-element-b7aff7e e-con-full e-flex e-con e-child\" data-id=\"b7aff7e\" data-element_type=\"container\">\n\t\t\t\t<div class=\"elementor-element elementor-element-5aeb5c2 elementor-widget elementor-widget-text-editor\" data-id=\"5aeb5c2\" data-element_type=\"widget\" data-widget_type=\"text-editor.default\">\n\t\t\t\t<div class=\"elementor-widget-container\">\n\t\t\t\t\t\t\t\t\t<p><span style=\"color: #333333;\">El acceso a este Sitio Web puede implicar la utilizaci\u00f3n de cookies. Las cookies son peque\u00f1as cantidades <\/span><span style=\"color: #333333;\">de informaci\u00f3n que se almacenan en el navegador utilizado por cada Usuario \u2014en los distintos dispositivos <\/span><span style=\"color: #333333;\">que pueda utilizar para navegar\u2014 para que el servidor recuerde cierta informaci\u00f3n que posteriormente y <\/span><span style=\"color: #333333;\">\u00fanicamente el servidor que la implement\u00f3 leer\u00e1. Las cookies facilitan la navegaci\u00f3n, la hacen m\u00e1s <\/span><span style=\"color: #333333;\">amigable, y no da\u00f1an el dispositivo de navegaci\u00f3n.<\/span><\/p><p><br \/><span style=\"color: #333333;\">Las cookies son procedimientos autom\u00e1ticos de recogida de informaci\u00f3n relativa a las preferencias <\/span><span style=\"color: #333333;\">determinadas por el Usuario durante su visita al Sitio Web con el fin de reconocerlo como Usuario, y <\/span><span style=\"color: #333333;\">personalizar su experiencia y el uso del Sitio Web, y pueden tambi\u00e9n, por ejemplo, ayudar a identificar y <\/span><span style=\"color: #333333;\">resolver errores.<\/span><\/p><p><br \/><span style=\"color: #333333;\">La informaci\u00f3n recabada a trav\u00e9s de las cookies puede incluir la fecha y hora de visitas al Sitio Web, las <\/span><span style=\"color: #333333;\">p\u00e1ginas visionadas, el tiempo que ha estado en el Sitio Web y los sitios visitados justo antes y despu\u00e9s del <\/span><span style=\"color: #333333;\">mismo. Sin embargo, ninguna cookie permite que esta misma pueda contactarse con el n\u00famero de <\/span><span style=\"color: #333333;\">tel\u00e9fono del Usuario o con cualquier otro medio de contacto personal. Ninguna cookie puede extraer <\/span><span style=\"color: #333333;\">informaci\u00f3n del disco duro del Usuario o robar informaci\u00f3n personal. La \u00fanica manera de que la <\/span><span style=\"color: #333333;\">informaci\u00f3n privada del Usuario forme parte del archivo Cookie es que el usuario d\u00e9 personalmente esa <\/span><span style=\"color: #333333;\">informaci\u00f3n al servidor.<\/span><\/p><p><br \/><span style=\"color: #333333;\">Las cookies que permiten identificar a una persona se consideran datos personales. Por tanto, a las <\/span><span style=\"color: #333333;\">mismas les ser\u00e1 de aplicaci\u00f3n la Pol\u00edtica de Privacidad anteriormente descrita. En este sentido, para la <\/span><span style=\"color: #333333;\">utilizaci\u00f3n de las mismas ser\u00e1 necesario el consentimiento del Usuario. Este consentimiento ser\u00e1 <\/span><span style=\"color: #333333;\">comunicado, en base a una elecci\u00f3n aut\u00e9ntica, ofrecido mediante una decisi\u00f3n afirmativa y positiva, antes <\/span><span style=\"color: #333333;\">del tratamiento inicial, removible y documentado.<\/span><\/p>\t\t\t\t\t\t\t\t<\/div>\n\t\t\t\t<\/div>\n\t\t\t\t<\/div>\n\t\t<div class=\"elementor-element elementor-element-236535c e-con-full e-flex e-con e-child\" data-id=\"236535c\" data-element_type=\"container\">\n\t\t\t\t<div class=\"elementor-element elementor-element-90b1f24 elementor-widget elementor-widget-heading\" data-id=\"90b1f24\" data-element_type=\"widget\" data-widget_type=\"heading.default\">\n\t\t\t\t<div class=\"elementor-widget-container\">\n\t\t\t\t\t<h3 class=\"elementor-heading-title elementor-size-default\">Cookies de redes sociales<\/h3>\t\t\t\t<\/div>\n\t\t\t\t<\/div>\n\t\t\t\t<\/div>\n\t\t<div class=\"elementor-element elementor-element-5723781 e-con-full e-flex e-con e-child\" data-id=\"5723781\" data-element_type=\"container\">\n\t\t\t\t<div class=\"elementor-element elementor-element-7098c41 elementor-widget elementor-widget-text-editor\" data-id=\"7098c41\" data-element_type=\"widget\" data-widget_type=\"text-editor.default\">\n\t\t\t\t<div class=\"elementor-widget-container\">\n\t\t\t\t\t\t\t\t\t<p><span style=\"color: #333333;\">TelenTIC incorpora plugins de redes sociales, que permiten acceder a las mismas a partir del Sitio Web. <\/span><span style=\"color: #333333;\">Por esta raz\u00f3n, las cookies de redes sociales pueden almacenarse en el navegador del Usuario. Los <\/span><span style=\"color: #333333;\">titulares de dichas redes sociales disponen de sus propias pol\u00edticas de protecci\u00f3n de datos y de cookies, <\/span><span style=\"color: #333333;\">siendo ellos mismos, en cada caso, responsables de sus propios ficheros y de sus propias pr\u00e1cticas de <\/span><span style=\"color: #333333;\">privacidad. El Usuario debe referirse a las mismas para informarse acerca de dichas cookies y, en su caso, <\/span><span style=\"color: #333333;\">del tratamiento de sus datos personales. \u00danicamente a t\u00edtulo informativo se indican a continuaci\u00f3n los <\/span><span style=\"color: #333333;\">enlaces en los que se pueden consultar dichas pol\u00edticas de privacidad y\/o de cookies:<\/span><\/p><ul><li><span style=\"color: #333333;\">Facebook: https:\/\/www.facebook.com\/policies\/cookies\/<\/span><\/li><li><span style=\"color: #333333;\">Twitter: https:\/\/twitter.com\/es\/privacy<\/span><\/li><li><span style=\"color: #333333;\">Instagram: https:\/\/help.instagram.com\/1896641480634370?ref=ig<\/span><\/li><\/ul>\t\t\t\t\t\t\t\t<\/div>\n\t\t\t\t<\/div>\n\t\t\t\t<\/div>\n\t\t<div class=\"elementor-element elementor-element-b92ee7c e-con-full e-flex e-con e-child\" data-id=\"b92ee7c\" data-element_type=\"container\">\n\t\t\t\t<div class=\"elementor-element elementor-element-3d08d02 elementor-widget elementor-widget-heading\" data-id=\"3d08d02\" data-element_type=\"widget\" data-widget_type=\"heading.default\">\n\t\t\t\t<div class=\"elementor-widget-container\">\n\t\t\t\t\t<h3 class=\"elementor-heading-title elementor-size-default\">Deshabilitar, rechazar y eliminar cookies<\/h3>\t\t\t\t<\/div>\n\t\t\t\t<\/div>\n\t\t\t\t<\/div>\n\t\t<div class=\"elementor-element elementor-element-84feb17 e-con-full e-flex e-con e-child\" data-id=\"84feb17\" data-element_type=\"container\">\n\t\t\t\t<div class=\"elementor-element elementor-element-9fb3a22 elementor-widget elementor-widget-text-editor\" data-id=\"9fb3a22\" data-element_type=\"widget\" data-widget_type=\"text-editor.default\">\n\t\t\t\t<div class=\"elementor-widget-container\">\n\t\t\t\t\t\t\t\t\t<p><span style=\"color: #333333;\">El Usuario puede deshabilitar, rechazar y eliminar las cookies \u2014total o parcialmente\u2014 instaladas en su <\/span><span style=\"color: #333333;\">dispositivo mediante la configuraci\u00f3n de su navegador (entre los que se encuentran, por ejemplo, Chrome, <\/span><span style=\"color: #333333;\">Firefox, Safari, Explorer). En este sentido, los procedimientos para rechazar y eliminar las cookies pueden <\/span><span style=\"color: #333333;\">diferir de un navegador de Internet a otro. En consecuencia, el Usuario debe acudir a las instrucciones <\/span><span style=\"color: #333333;\">facilitadas por el propio navegador de Internet que est\u00e9 utilizando. En el supuesto de que rechace el uso <\/span><span style=\"color: #333333;\">de cookies \u2014total o parcialmente\u2014 podr\u00e1 seguir usando el Sitio Web, si bien podr\u00e1 tener limitada la <\/span><span style=\"color: #333333;\">utilizaci\u00f3n de algunas de las prestaciones del mismo.<\/span><\/p>\t\t\t\t\t\t\t\t<\/div>\n\t\t\t\t<\/div>\n\t\t\t\t<\/div>\n\t\t\t\t\t<\/div>\n\t\t\t\t<\/div>\n\t\t\t\t\t<\/div>\n\t\t\t\t<\/div>\n\t\t\t\t<\/div>\n\t\t","protected":false},"excerpt":{"rendered":"<p>POL\u00cdTICA DE COOKIES El acceso a este Sitio Web puede implicar la utilizaci\u00f3n de cookies. Las cookies son peque\u00f1as cantidades de informaci\u00f3n que se almacenan en el navegador utilizado por&hellip;<\/p>\n","protected":false},"author":1,"featured_media":0,"parent":0,"menu_order":0,"comment_status":"closed","ping_status":"closed","template":"","meta":{"footnotes":""},"class_list":["post-434","page","type-page","status-publish","hentry"],"_links":{"self":[{"href":"https:\/\/www.telentic.es\/index.php\/wp-json\/wp\/v2\/pages\/434","targetHints":{"allow":["GET"]}}],"collection":[{"href":"https:\/\/www.telentic.es\/index.php\/wp-json\/wp\/v2\/pages"}],"about":[{"href":"https:\/\/www.telentic.es\/index.php\/wp-json\/wp\/v2\/types\/page"}],"author":[{"embeddable":true,"href":"https:\/\/www.telentic.es\/index.php\/wp-json\/wp\/v2\/users\/1"}],"replies":[{"embeddable":true,"href":"https:\/\/www.telentic.es\/index.php\/wp-json\/wp\/v2\/comments?post=434"}],"version-history":[{"count":16,"href":"https:\/\/www.telentic.es\/index.php\/wp-json\/wp\/v2\/pages\/434\/revisions"}],"predecessor-version":[{"id":563,"href":"https:\/\/www.telentic.es\/index.php\/wp-json\/wp\/v2\/pages\/434\/revisions\/563"}],"wp:attachment":[{"href":"https:\/\/www.telentic.es\/index.php\/wp-json\/wp\/v2\/media?parent=434"}],"curies":[{"name":"wp","href":"https:\/\/api.w.org\/{rel}","templated":true}]}}