{"id":181,"date":"2024-12-02T12:27:40","date_gmt":"2024-12-02T12:27:40","guid":{"rendered":"https:\/\/www.telentic.es\/prueba\/?page_id=181"},"modified":"2024-12-03T11:40:47","modified_gmt":"2024-12-03T11:40:47","slug":"lopd-lssi","status":"publish","type":"page","link":"https:\/\/www.telentic.es\/index.php\/lopd-lssi\/","title":{"rendered":"LOPD &#038; LSSI"},"content":{"rendered":"\t\t<div data-elementor-type=\"wp-page\" data-elementor-id=\"181\" class=\"elementor elementor-181\">\n\t\t\t\t<div class=\"elementor-element elementor-element-661b2fe e-flex e-con-boxed e-con e-parent\" data-id=\"661b2fe\" data-element_type=\"container\">\n\t\t\t\t\t<div class=\"e-con-inner\">\n\t\t\t\t<div class=\"elementor-element elementor-element-9c71465 elementor-widget elementor-widget-spacer\" data-id=\"9c71465\" data-element_type=\"widget\" data-widget_type=\"spacer.default\">\n\t\t\t\t<div class=\"elementor-widget-container\">\n\t\t\t\t\t\t\t<div class=\"elementor-spacer\">\n\t\t\t<div class=\"elementor-spacer-inner\"><\/div>\n\t\t<\/div>\n\t\t\t\t\t\t<\/div>\n\t\t\t\t<\/div>\n\t\t\t\t\t<\/div>\n\t\t\t\t<\/div>\n\t\t<div class=\"elementor-element elementor-element-8537512 e-flex e-con-boxed e-con e-parent\" data-id=\"8537512\" data-element_type=\"container\">\n\t\t\t\t\t<div class=\"e-con-inner\">\n\t\t<div class=\"elementor-element elementor-element-e624391 e-con-full e-flex e-con e-child\" data-id=\"e624391\" data-element_type=\"container\">\n\t\t\t\t<div class=\"elementor-element elementor-element-a0d90d1 elementor-widget elementor-widget-heading\" data-id=\"a0d90d1\" data-element_type=\"widget\" data-widget_type=\"heading.default\">\n\t\t\t\t<div class=\"elementor-widget-container\">\n\t\t\t\t\t<h2 class=\"elementor-heading-title elementor-size-default\">Si no es obligatorio, no se cumple ...<\/h2>\t\t\t\t<\/div>\n\t\t\t\t<\/div>\n\t\t\t\t<\/div>\n\t\t<div class=\"elementor-element elementor-element-3fe314c e-con-full e-flex e-con e-child\" data-id=\"3fe314c\" data-element_type=\"container\">\n\t\t\t\t<div class=\"elementor-element elementor-element-0050507 elementor-widget elementor-widget-text-editor\" data-id=\"0050507\" data-element_type=\"widget\" data-widget_type=\"text-editor.default\">\n\t\t\t\t<div class=\"elementor-widget-container\">\n\t\t\t\t\t\t\t\t\t<p><span style=\"color: #333333;\"><strong>\u00bfEres aut\u00f3nomo o tienes una empresa?<\/strong> Entonces est\u00e1s obligado a cumplir con la Ley Org\u00e1nica de Protecci\u00f3n de Datos, y si tambi\u00e9n tienes <strong>P\u00e1gina Web<\/strong> deber\u00e1s cumplir con la LSSI-CE (Ley 34\/2002, de Servicios de la Sociedad de la Informaci\u00f3n y Comercio Electr\u00f3nico) de obligatorio cumplimiento e igualmente sancionable.<\/span><\/p>\t\t\t\t\t\t\t\t<\/div>\n\t\t\t\t<\/div>\n\t\t\t\t<\/div>\n\t\t<div class=\"elementor-element elementor-element-c07bd36 e-con-full e-flex e-con e-child\" data-id=\"c07bd36\" data-element_type=\"container\">\n\t\t\t\t<div class=\"elementor-element elementor-element-d5c078b elementor-widget elementor-widget-heading\" data-id=\"d5c078b\" data-element_type=\"widget\" data-widget_type=\"heading.default\">\n\t\t\t\t<div class=\"elementor-widget-container\">\n\t\t\t\t\t<h3 class=\"elementor-heading-title elementor-size-default\">\u00bfQu\u00e9 ocurre si no la cumplimos?<\/h3>\t\t\t\t<\/div>\n\t\t\t\t<\/div>\n\t\t\t\t<div class=\"elementor-element elementor-element-6009d2d elementor-widget elementor-widget-text-editor\" data-id=\"6009d2d\" data-element_type=\"widget\" data-widget_type=\"text-editor.default\">\n\t\t\t\t<div class=\"elementor-widget-container\">\n\t\t\t\t\t\t\t\t\t<p><span style=\"color: #333333;\">Si el responsable de fichero no realiza bien su trabajo, o, si finalmente ni siquiera lo hace, la LOPD estipula una serie de sanciones econ\u00f3micas que var\u00edan en funci\u00f3n de la vulneraci\u00f3n realizada.<\/span><\/p><ul><li><span style=\"color: #333333;\"><strong>Infracciones leves:<\/strong>\u00a0Sanciones entre 601,01 \u20ac y 60.101,21 \u20ac<\/span><\/li><li><span style=\"color: #333333;\"><strong>Infracciones graves:<\/strong>\u00a0Sanciones entre 60.101,21 \u20ac y 300.506,25 \u20ac<\/span><\/li><li><span style=\"color: #333333;\"><strong>Infracciones muy graves:<\/strong>\u00a0Sanciones entre 300.506,25 \u20ac y 601.012,1 \u20ac<\/span><\/li><\/ul>\t\t\t\t\t\t\t\t<\/div>\n\t\t\t\t<\/div>\n\t\t\t\t<\/div>\n\t\t\t\t\t<\/div>\n\t\t\t\t<\/div>\n\t\t<div class=\"elementor-element elementor-element-3c05f93 e-flex e-con-boxed e-con e-parent\" data-id=\"3c05f93\" data-element_type=\"container\">\n\t\t\t\t\t<div class=\"e-con-inner\">\n\t\t\t\t<div class=\"elementor-element elementor-element-25ad850 elementor-widget elementor-widget-image\" data-id=\"25ad850\" data-element_type=\"widget\" data-widget_type=\"image.default\">\n\t\t\t\t<div class=\"elementor-widget-container\">\n\t\t\t\t\t\t\t\t\t\t\t\t\t\t\t<img fetchpriority=\"high\" decoding=\"async\" width=\"256\" height=\"256\" src=\"https:\/\/www.telentic.es\/wp-content\/uploads\/2024\/12\/file_2593390.png\" class=\"attachment-large size-large wp-image-366\" alt=\"\" srcset=\"https:\/\/www.telentic.es\/wp-content\/uploads\/2024\/12\/file_2593390.png 256w, https:\/\/www.telentic.es\/wp-content\/uploads\/2024\/12\/file_2593390-150x150.png 150w\" sizes=\"(max-width: 256px) 100vw, 256px\" \/>\t\t\t\t\t\t\t\t\t\t\t\t\t\t\t<\/div>\n\t\t\t\t<\/div>\n\t\t\t\t\t<\/div>\n\t\t\t\t<\/div>\n\t\t<div class=\"elementor-element elementor-element-b37b0e6 e-flex e-con-boxed e-con e-parent\" data-id=\"b37b0e6\" data-element_type=\"container\">\n\t\t\t\t\t<div class=\"e-con-inner\">\n\t\t\t\t<div class=\"elementor-element elementor-element-c277945 elementor-widget-divider--view-line elementor-widget elementor-widget-divider\" data-id=\"c277945\" data-element_type=\"widget\" data-widget_type=\"divider.default\">\n\t\t\t\t<div class=\"elementor-widget-container\">\n\t\t\t\t\t\t\t<div class=\"elementor-divider\">\n\t\t\t<span class=\"elementor-divider-separator\">\n\t\t\t\t\t\t<\/span>\n\t\t<\/div>\n\t\t\t\t\t\t<\/div>\n\t\t\t\t<\/div>\n\t\t\t\t\t<\/div>\n\t\t\t\t<\/div>\n\t\t<div class=\"elementor-element elementor-element-d8ef6fc e-flex e-con-boxed e-con e-parent\" data-id=\"d8ef6fc\" data-element_type=\"container\">\n\t\t\t\t\t<div class=\"e-con-inner\">\n\t\t<div class=\"elementor-element elementor-element-0e73c87 e-con-full e-flex e-con e-child\" data-id=\"0e73c87\" data-element_type=\"container\">\n\t\t\t\t<div class=\"elementor-element elementor-element-0509196 elementor-widget elementor-widget-heading\" data-id=\"0509196\" data-element_type=\"widget\" data-widget_type=\"heading.default\">\n\t\t\t\t<div class=\"elementor-widget-container\">\n\t\t\t\t\t<h2 class=\"elementor-heading-title elementor-size-default\">\u00bfPorque adaptarte a LOPD y LSSI-CE con telenTIC?<\/h2>\t\t\t\t<\/div>\n\t\t\t\t<\/div>\n\t\t\t\t<\/div>\n\t\t<div class=\"elementor-element elementor-element-b2e1ff8 e-con-full e-flex e-con e-child\" data-id=\"b2e1ff8\" data-element_type=\"container\">\n\t\t\t\t<div class=\"elementor-element elementor-element-d1d6d66 elementor-widget elementor-widget-text-editor\" data-id=\"d1d6d66\" data-element_type=\"widget\" data-widget_type=\"text-editor.default\">\n\t\t\t\t<div class=\"elementor-widget-container\">\n\t\t\t\t\t\t\t\t\t<p style=\"text-align: center;\"><span style=\"color: #333333;\">Te ofrecemos un servicio de <strong>adaptaci\u00f3n<\/strong> y <strong>mantenimiento<\/strong> de la LOPD<b>\u00a0<\/b>completamente personalizado.<\/span><\/p>\t\t\t\t\t\t\t\t<\/div>\n\t\t\t\t<\/div>\n\t\t\t\t<\/div>\n\t\t<div class=\"elementor-element elementor-element-d2fc92d e-con-full e-flex e-con e-child\" data-id=\"d2fc92d\" data-element_type=\"container\">\n\t\t\t\t<div class=\"elementor-element elementor-element-1c463db elementor-widget elementor-widget-text-editor\" data-id=\"1c463db\" data-element_type=\"widget\" data-widget_type=\"text-editor.default\">\n\t\t\t\t<div class=\"elementor-widget-container\">\n\t\t\t\t\t\t\t\t\t<div class=\"ether-col\"><ul><li style=\"text-align: left;\"><span style=\"color: #333333;\">Entrega de la documentaci\u00f3n e informaci\u00f3n de las utilidades de nuestra plataforma ON LINE<\/span><\/li><li style=\"text-align: left;\"><span style=\"color: #333333;\">Formaci\u00f3n (contrataci\u00f3n opcional)<\/span><\/li><li style=\"text-align: left;\"><span style=\"color: #333333;\">Emisi\u00f3n del informe de auditor\u00eda de medidas t\u00e9cnicas y organizativas<\/span><\/li><li style=\"text-align: left;\"><span style=\"color: #333333;\">Inscripci\u00f3n de los Ficheros v\u00eda telem\u00e1tica ante el Registro de la Agencia Espa\u00f1ola de Protecci\u00f3n de Datos.<\/span><\/li><li style=\"text-align: left;\"><span style=\"color: #333333;\">Elaboraci\u00f3n del Documento de Seguridad y anexos.<\/span><\/li><li style=\"text-align: left;\"><span style=\"color: #333333;\">Revisi\u00f3n y\/o confecci\u00f3n de contratos con terceros en materia de protecci\u00f3n de datos personales.<\/span><\/li><li style=\"text-align: left;\"><span style=\"color: #333333;\">Confecci\u00f3n de pol\u00edticas de privacidad, cl\u00e1usulas y salvaguardas para contratos, facturas, presupuestos, albaranes, sitios web, etc.<\/span><\/li><li style=\"text-align: left;\"><span style=\"color: #333333;\">Confecci\u00f3n de carteles informativos.<\/span><\/li><li style=\"text-align: left;\"><span style=\"color: #333333;\">Confecci\u00f3n del manual de los usuarios del sistema.<\/span><\/li><li style=\"text-align: left;\"><span style=\"color: #333333;\">Determinaci\u00f3n de medidas correctoras para el cumplimiento de la legislaci\u00f3n e intereses empresariales respecto de la LOPD.<\/span><\/li><\/ul><\/div><div class=\"ether-col\"><ul><li style=\"text-align: left;\"><span style=\"color: #333333;\">An\u00e1lisis e implantaci\u00f3n de los procedimientos adecuados para el cumplimiento de la normativa de protecci\u00f3n de datos respecto de la web de la empresa.<\/span><\/li><li style=\"text-align: left;\"><span style=\"color: #333333;\">Atenci\u00f3n de consultas y apoyo al responsable de seguridad en las dudas que tenga en el ejercicio de sus tareas, a trav\u00e9s del correo electr\u00f3nico, \u00a0 \u00a0 \u00a0 \u00a0 \u00a0telef\u00f3nicamente o personalmente.<\/span><\/li><li style=\"text-align: left;\"><span style=\"color: #333333;\">Redacci\u00f3n de nuevas clausulas.<\/span><\/li><li style=\"text-align: left;\"><span style=\"color: #333333;\">Redacci\u00f3n de nuevos contratos de terceros con o sin acceso a datos.<\/span><\/li><li style=\"text-align: left;\"><span style=\"color: #333333;\">Redacci\u00f3n de nuevos documentos de altas de personal y contratos de confidencialidad.<\/span><\/li><li style=\"text-align: left;\"><span style=\"color: #333333;\">Elaboraci\u00f3n de nuevos manuales Formativos.<\/span><\/li><li style=\"text-align: left;\"><span style=\"color: #333333;\">Redacci\u00f3n de nuevo Documento de Seguridad cada vez que se genere un cambio que afecte al mismo.<\/span><\/li><li style=\"text-align: left;\"><span style=\"color: #333333;\">Evaluaciones peri\u00f3dicas internas para conocer el grado de cumplimiento.<\/span><\/li><li style=\"text-align: left;\"><span style=\"color: #333333;\">Actualizaciones de las novedades legislativas de la AEPD.<\/span><\/li><li style=\"text-align: left;\"><span style=\"color: #333333;\">Asesoramiento t\u00e9cnico y jur\u00eddico.<\/span><br \/><div class=\"ether-col\">\u00a0<\/div><\/li><\/ul><\/div>\t\t\t\t\t\t\t\t<\/div>\n\t\t\t\t<\/div>\n\t\t\t\t<\/div>\n\t\t\t\t\t<\/div>\n\t\t\t\t<\/div>\n\t\t<div class=\"elementor-element elementor-element-85d4e1c e-flex e-con-boxed e-con e-parent\" data-id=\"85d4e1c\" data-element_type=\"container\">\n\t\t\t\t\t<div class=\"e-con-inner\">\n\t\t\t\t<div class=\"elementor-element elementor-element-127e7b0 elementor-align-justify elementor-widget__width-inherit elementor-widget elementor-widget-button\" data-id=\"127e7b0\" data-element_type=\"widget\" data-widget_type=\"button.default\">\n\t\t\t\t<div class=\"elementor-widget-container\">\n\t\t\t\t\t\t\t\t\t<div class=\"elementor-button-wrapper\">\n\t\t\t\t\t<a class=\"elementor-button elementor-button-link elementor-size-sm\" href=\"#\">\n\t\t\t\t\t\t<span class=\"elementor-button-content-wrapper\">\n\t\t\t\t\t\t\t\t\t<span class=\"elementor-button-text\">SOLICITA PRESUPUESTO<\/span>\n\t\t\t\t\t<\/span>\n\t\t\t\t\t<\/a>\n\t\t\t\t<\/div>\n\t\t\t\t\t\t\t\t<\/div>\n\t\t\t\t<\/div>\n\t\t\t\t\t<\/div>\n\t\t\t\t<\/div>\n\t\t<div class=\"elementor-element elementor-element-9a58f88 e-flex e-con-boxed e-con e-parent\" data-id=\"9a58f88\" data-element_type=\"container\">\n\t\t\t\t\t<div class=\"e-con-inner\">\n\t\t\t\t<div class=\"elementor-element elementor-element-fea7c82 elementor-widget elementor-widget-spacer\" data-id=\"fea7c82\" data-element_type=\"widget\" data-widget_type=\"spacer.default\">\n\t\t\t\t<div class=\"elementor-widget-container\">\n\t\t\t\t\t\t\t<div class=\"elementor-spacer\">\n\t\t\t<div class=\"elementor-spacer-inner\"><\/div>\n\t\t<\/div>\n\t\t\t\t\t\t<\/div>\n\t\t\t\t<\/div>\n\t\t\t\t\t<\/div>\n\t\t\t\t<\/div>\n\t\t\t\t<\/div>\n\t\t","protected":false},"excerpt":{"rendered":"<p>Si no es obligatorio, no se cumple &#8230; \u00bfEres aut\u00f3nomo o tienes una empresa? Entonces est\u00e1s obligado a cumplir con la Ley Org\u00e1nica de Protecci\u00f3n de Datos, y si tambi\u00e9n&hellip;<\/p>\n","protected":false},"author":1,"featured_media":0,"parent":0,"menu_order":0,"comment_status":"closed","ping_status":"closed","template":"elementor_header_footer","meta":{"footnotes":""},"class_list":["post-181","page","type-page","status-publish","hentry"],"_links":{"self":[{"href":"https:\/\/www.telentic.es\/index.php\/wp-json\/wp\/v2\/pages\/181","targetHints":{"allow":["GET"]}}],"collection":[{"href":"https:\/\/www.telentic.es\/index.php\/wp-json\/wp\/v2\/pages"}],"about":[{"href":"https:\/\/www.telentic.es\/index.php\/wp-json\/wp\/v2\/types\/page"}],"author":[{"embeddable":true,"href":"https:\/\/www.telentic.es\/index.php\/wp-json\/wp\/v2\/users\/1"}],"replies":[{"embeddable":true,"href":"https:\/\/www.telentic.es\/index.php\/wp-json\/wp\/v2\/comments?post=181"}],"version-history":[{"count":7,"href":"https:\/\/www.telentic.es\/index.php\/wp-json\/wp\/v2\/pages\/181\/revisions"}],"predecessor-version":[{"id":373,"href":"https:\/\/www.telentic.es\/index.php\/wp-json\/wp\/v2\/pages\/181\/revisions\/373"}],"wp:attachment":[{"href":"https:\/\/www.telentic.es\/index.php\/wp-json\/wp\/v2\/media?parent=181"}],"curies":[{"name":"wp","href":"https:\/\/api.w.org\/{rel}","templated":true}]}}