{"id":179,"date":"2024-12-02T12:27:13","date_gmt":"2024-12-02T12:27:13","guid":{"rendered":"https:\/\/www.telentic.es\/prueba\/?page_id=179"},"modified":"2024-12-03T10:57:25","modified_gmt":"2024-12-03T10:57:25","slug":"impresoras-pago-por-uso","status":"publish","type":"page","link":"https:\/\/www.telentic.es\/index.php\/impresoras-pago-por-uso\/","title":{"rendered":"Impresoras Pago por Uso"},"content":{"rendered":"\t\t<div data-elementor-type=\"wp-page\" data-elementor-id=\"179\" class=\"elementor elementor-179\">\n\t\t\t\t<div class=\"elementor-element elementor-element-9ae573d e-flex e-con-boxed e-con e-parent\" data-id=\"9ae573d\" data-element_type=\"container\">\n\t\t\t\t\t<div class=\"e-con-inner\">\n\t\t\t\t<div class=\"elementor-element elementor-element-11a4dd4 elementor-widget elementor-widget-spacer\" data-id=\"11a4dd4\" data-element_type=\"widget\" data-widget_type=\"spacer.default\">\n\t\t\t\t<div class=\"elementor-widget-container\">\n\t\t\t\t\t\t\t<div class=\"elementor-spacer\">\n\t\t\t<div class=\"elementor-spacer-inner\"><\/div>\n\t\t<\/div>\n\t\t\t\t\t\t<\/div>\n\t\t\t\t<\/div>\n\t\t\t\t\t<\/div>\n\t\t\t\t<\/div>\n\t\t<div class=\"elementor-element elementor-element-0215f15 e-flex e-con-boxed e-con e-parent\" data-id=\"0215f15\" data-element_type=\"container\">\n\t\t\t\t\t<div class=\"e-con-inner\">\n\t\t\t\t<div class=\"elementor-element elementor-element-ce05812 elementor-widget elementor-widget-heading\" data-id=\"ce05812\" data-element_type=\"widget\" data-widget_type=\"heading.default\">\n\t\t\t\t<div class=\"elementor-widget-container\">\n\t\t\t\t\t<h2 class=\"elementor-heading-title elementor-size-default\">Otra vez se acab\u00f3 el t\u00f3ner ...<\/h2>\t\t\t\t<\/div>\n\t\t\t\t<\/div>\n\t\t\t\t\t<\/div>\n\t\t\t\t<\/div>\n\t\t<div class=\"elementor-element elementor-element-068d565 e-flex e-con-boxed e-con e-parent\" data-id=\"068d565\" data-element_type=\"container\">\n\t\t\t\t\t<div class=\"e-con-inner\">\n\t\t\t\t<div class=\"elementor-element elementor-element-ae904b6 elementor-widget-divider--view-line elementor-widget elementor-widget-divider\" data-id=\"ae904b6\" data-element_type=\"widget\" data-widget_type=\"divider.default\">\n\t\t\t\t<div class=\"elementor-widget-container\">\n\t\t\t\t\t\t\t<div class=\"elementor-divider\">\n\t\t\t<span class=\"elementor-divider-separator\">\n\t\t\t\t\t\t<\/span>\n\t\t<\/div>\n\t\t\t\t\t\t<\/div>\n\t\t\t\t<\/div>\n\t\t\t\t\t<\/div>\n\t\t\t\t<\/div>\n\t\t<div class=\"elementor-element elementor-element-a9adaa7 e-flex e-con-boxed e-con e-parent\" data-id=\"a9adaa7\" data-element_type=\"container\">\n\t\t\t\t\t<div class=\"e-con-inner\">\n\t\t<div class=\"elementor-element elementor-element-a228b96 e-con-full e-flex e-con e-child\" data-id=\"a228b96\" data-element_type=\"container\">\n\t\t\t\t<div class=\"elementor-element elementor-element-e5d3f2c elementor-widget elementor-widget-text-editor\" data-id=\"e5d3f2c\" data-element_type=\"widget\" data-widget_type=\"text-editor.default\">\n\t\t\t\t<div class=\"elementor-widget-container\">\n\t\t\t\t\t\t\t\t\t<div class=\"ether-col\"><h3><span style=\"color: #ffcc00;\"><strong>OTROS IMPRIMEN, T\u00da IMPRESIONAS<\/strong><\/span><\/h3><p>\u00a0<\/p><p><span style=\"color: #333333;\">Con el Programa de Pago por Uso de telenTIC reducir\u00e1s hasta un 30% tus costes de impresi\u00f3n. Imprimir\u00e1s tus documentos y presentaciones con calidad profesional, a alta<\/span><br \/><span style=\"color: #333333;\">velocidad, desde tu ordenador o incluso desde tu m\u00f3vil. Y adem\u00e1s te ahorrar\u00e1s preocupaciones, porque nosotros nos encargamos de todo: instalaci\u00f3n, mantenimiento y reparaciones.<\/span><br \/><span style=\"color: #333333;\">No pierdas tiempo pele\u00e1ndote con la impresora, centra tus esfuerzos en impresionar a tus clientes.<\/span><\/p><\/div>\t\t\t\t\t\t\t\t<\/div>\n\t\t\t\t<\/div>\n\t\t\t\t<\/div>\n\t\t<div class=\"elementor-element elementor-element-3715efa e-con-full e-flex e-con e-child\" data-id=\"3715efa\" data-element_type=\"container\">\n\t\t<div class=\"elementor-element elementor-element-648f8c1 e-con-full e-flex e-con e-child\" data-id=\"648f8c1\" data-element_type=\"container\">\n\t\t\t\t<div class=\"elementor-element elementor-element-7a388c3 elementor-widget elementor-widget-text-editor\" data-id=\"7a388c3\" data-element_type=\"widget\" data-widget_type=\"text-editor.default\">\n\t\t\t\t<div class=\"elementor-widget-container\">\n\t\t\t\t\t\t\t\t\t<div class=\"ether-col\"><h3 style=\"text-align: right;\"><span style=\"color: #ffcc00;\"><strong>\u00bfTE HAN <\/strong><strong>IMPRESIONADO?<\/strong><\/span><\/h3><h3 style=\"text-align: right;\"><span style=\"color: #ffcc00;\"><strong>\u00a1QU\u00c9DATELAS!<\/strong><\/span><\/h3><p>\u00a0<\/p><p><span style=\"color: #333333;\">Si prefieres una impresora de propiedad, tienes en tus manos la mejor oferta: nuestras m\u00e1quinas y consumibles bonificados. Ahorra imprime a gran velocidad con calidad profesional.<\/span><\/p><\/div>\t\t\t\t\t\t\t\t<\/div>\n\t\t\t\t<\/div>\n\t\t\t\t<\/div>\n\t\t<div class=\"elementor-element elementor-element-d9c6c39 e-con-full e-flex e-con e-child\" data-id=\"d9c6c39\" data-element_type=\"container\">\n\t\t\t\t<div class=\"elementor-element elementor-element-9293509 elementor-widget elementor-widget-image\" data-id=\"9293509\" data-element_type=\"widget\" data-widget_type=\"image.default\">\n\t\t\t\t<div class=\"elementor-widget-container\">\n\t\t\t\t\t\t\t\t\t\t\t\t\t\t\t<img decoding=\"async\" width=\"100\" height=\"100\" src=\"https:\/\/www.telentic.es\/wp-content\/uploads\/2024\/12\/icons8-impresora-100.png\" class=\"attachment-large size-large wp-image-337\" alt=\"\" \/>\t\t\t\t\t\t\t\t\t\t\t\t\t\t\t<\/div>\n\t\t\t\t<\/div>\n\t\t\t\t<\/div>\n\t\t\t\t<\/div>\n\t\t\t\t\t<\/div>\n\t\t\t\t<\/div>\n\t\t<div class=\"elementor-element elementor-element-d187510 e-flex e-con-boxed e-con e-parent\" data-id=\"d187510\" data-element_type=\"container\">\n\t\t\t\t\t<div class=\"e-con-inner\">\n\t\t\t\t<div class=\"elementor-element elementor-element-3daebd2 elementor-widget__width-inherit elementor-widget-divider--view-line elementor-widget elementor-widget-divider\" data-id=\"3daebd2\" data-element_type=\"widget\" data-widget_type=\"divider.default\">\n\t\t\t\t<div class=\"elementor-widget-container\">\n\t\t\t\t\t\t\t<div class=\"elementor-divider\">\n\t\t\t<span class=\"elementor-divider-separator\">\n\t\t\t\t\t\t<\/span>\n\t\t<\/div>\n\t\t\t\t\t\t<\/div>\n\t\t\t\t<\/div>\n\t\t\t\t\t<\/div>\n\t\t\t\t<\/div>\n\t\t<div class=\"elementor-element elementor-element-864880d e-flex e-con-boxed e-con e-parent\" data-id=\"864880d\" data-element_type=\"container\">\n\t\t\t\t\t<div class=\"e-con-inner\">\n\t\t<div class=\"elementor-element elementor-element-e26a179 e-con-full e-flex e-con e-child\" data-id=\"e26a179\" data-element_type=\"container\">\n\t\t\t\t<div class=\"elementor-element elementor-element-5272c70 elementor-widget elementor-widget-heading\" data-id=\"5272c70\" data-element_type=\"widget\" data-widget_type=\"heading.default\">\n\t\t\t\t<div class=\"elementor-widget-container\">\n\t\t\t\t\t<h2 class=\"elementor-heading-title elementor-size-default\">\u00a1Lo que nosotros te ofrecemos!<\/h2>\t\t\t\t<\/div>\n\t\t\t\t<\/div>\n\t\t\t\t<\/div>\n\t\t\t\t\t<\/div>\n\t\t\t\t<\/div>\n\t\t<div class=\"elementor-element elementor-element-84d551e e-flex e-con-boxed e-con e-parent\" data-id=\"84d551e\" data-element_type=\"container\">\n\t\t\t\t\t<div class=\"e-con-inner\">\n\t\t\t\t<div class=\"elementor-element elementor-element-d258c85 elementor-widget elementor-widget-spacer\" data-id=\"d258c85\" data-element_type=\"widget\" data-widget_type=\"spacer.default\">\n\t\t\t\t<div class=\"elementor-widget-container\">\n\t\t\t\t\t\t\t<div class=\"elementor-spacer\">\n\t\t\t<div class=\"elementor-spacer-inner\"><\/div>\n\t\t<\/div>\n\t\t\t\t\t\t<\/div>\n\t\t\t\t<\/div>\n\t\t\t\t\t<\/div>\n\t\t\t\t<\/div>\n\t\t<div class=\"elementor-element elementor-element-e3668f3 e-con-full e-flex e-con e-parent\" data-id=\"e3668f3\" data-element_type=\"container\">\n\t\t<div class=\"elementor-element elementor-element-efd353d e-con-full e-grid e-con e-child\" data-id=\"efd353d\" data-element_type=\"container\">\n\t\t\t\t<div class=\"elementor-element elementor-element-4f98108 elementor-widget elementor-widget-heading\" data-id=\"4f98108\" data-element_type=\"widget\" data-widget_type=\"heading.default\">\n\t\t\t\t<div class=\"elementor-widget-container\">\n\t\t\t\t\t<h3 class=\"elementor-heading-title elementor-size-default\">Te asesoramos<\/h3>\t\t\t\t<\/div>\n\t\t\t\t<\/div>\n\t\t\t\t<div class=\"elementor-element elementor-element-cef82d7 elementor-absolute elementor-widget elementor-widget-text-editor\" data-id=\"cef82d7\" data-element_type=\"widget\" data-settings=\"{&quot;_position&quot;:&quot;absolute&quot;}\" data-widget_type=\"text-editor.default\">\n\t\t\t\t<div class=\"elementor-widget-container\">\n\t\t\t\t\t\t\t\t\t<p>Te ayudamos a elegir el equipo m\u00e1s adecuado para las necesidades de tu negocio.<\/p>\t\t\t\t\t\t\t\t<\/div>\n\t\t\t\t<\/div>\n\t\t\t\t<\/div>\n\t\t<div class=\"elementor-element elementor-element-e953b41 e-con-full e-grid e-con e-child\" data-id=\"e953b41\" data-element_type=\"container\">\n\t\t\t\t<div class=\"elementor-element elementor-element-9b1e9d6 elementor-widget elementor-widget-heading\" data-id=\"9b1e9d6\" data-element_type=\"widget\" data-widget_type=\"heading.default\">\n\t\t\t\t<div class=\"elementor-widget-container\">\n\t\t\t\t\t<h3 class=\"elementor-heading-title elementor-size-default\"> Instalamos los equipos<\/h3>\t\t\t\t<\/div>\n\t\t\t\t<\/div>\n\t\t\t\t<div class=\"elementor-element elementor-element-9ce906b elementor-absolute elementor-widget elementor-widget-text-editor\" data-id=\"9ce906b\" data-element_type=\"widget\" data-settings=\"{&quot;_position&quot;:&quot;absolute&quot;}\" data-widget_type=\"text-editor.default\">\n\t\t\t\t<div class=\"elementor-widget-container\">\n\t\t\t\t\t\t\t\t\t<p>Nosotros nos ocupamos de la instalaci\u00f3n y la puesta en marcha.<\/p>\t\t\t\t\t\t\t\t<\/div>\n\t\t\t\t<\/div>\n\t\t\t\t<\/div>\n\t\t<div class=\"elementor-element elementor-element-4c62361 e-con-full e-grid e-con e-child\" data-id=\"4c62361\" data-element_type=\"container\">\n\t\t\t\t<div class=\"elementor-element elementor-element-face996 elementor-widget elementor-widget-heading\" data-id=\"face996\" data-element_type=\"widget\" data-widget_type=\"heading.default\">\n\t\t\t\t<div class=\"elementor-widget-container\">\n\t\t\t\t\t<h3 class=\"elementor-heading-title elementor-size-default\">Mantenemos y reparamos<\/h3>\t\t\t\t<\/div>\n\t\t\t\t<\/div>\n\t\t\t\t<div class=\"elementor-element elementor-element-8cee5cb elementor-absolute elementor-widget elementor-widget-text-editor\" data-id=\"8cee5cb\" data-element_type=\"widget\" data-settings=\"{&quot;_position&quot;:&quot;absolute&quot;}\" data-widget_type=\"text-editor.default\">\n\t\t\t\t<div class=\"elementor-widget-container\">\n\t\t\t\t\t\t\t\t\t<p>Revisamos tus equipos peri\u00f3dicamente para que funcionen a la perfecci\u00f3n. Y si surge un contratiempo, d\u00e9jalo en nuestras manos. T\u00fa sigue trabajando tranquilamente, nosotros nos ocuparemos de todo.<\/p>\t\t\t\t\t\t\t\t<\/div>\n\t\t\t\t<\/div>\n\t\t\t\t<\/div>\n\t\t<div class=\"elementor-element elementor-element-207a62c e-con-full e-grid e-con e-child\" data-id=\"207a62c\" data-element_type=\"container\">\n\t\t\t\t<div class=\"elementor-element elementor-element-d8aeeff elementor-widget elementor-widget-heading\" data-id=\"d8aeeff\" data-element_type=\"widget\" data-widget_type=\"heading.default\">\n\t\t\t\t<div class=\"elementor-widget-container\">\n\t\t\t\t\t<h3 class=\"elementor-heading-title elementor-size-default\">T\u00fa ahorras<\/h3>\t\t\t\t<\/div>\n\t\t\t\t<\/div>\n\t\t\t\t<div class=\"elementor-element elementor-element-e10d82f elementor-absolute elementor-widget elementor-widget-text-editor\" data-id=\"e10d82f\" data-element_type=\"widget\" data-settings=\"{&quot;_position&quot;:&quot;absolute&quot;}\" data-widget_type=\"text-editor.default\">\n\t\t\t\t<div class=\"elementor-widget-container\">\n\t\t\t\t\t\t\t\t\t<p>Con nuestra nueva tecnolog\u00eda y los cartuchos de s\u00faper larga duraci\u00f3n reducen tus costes de impresi\u00f3n. Y de paso te ahorran tiempo y molestias.<\/p>\t\t\t\t\t\t\t\t<\/div>\n\t\t\t\t<\/div>\n\t\t\t\t<\/div>\n\t\t\t\t<\/div>\n\t\t<div class=\"elementor-element elementor-element-f6226f6 e-flex e-con-boxed e-con e-parent\" data-id=\"f6226f6\" data-element_type=\"container\">\n\t\t\t\t\t<div class=\"e-con-inner\">\n\t\t\t\t<div class=\"elementor-element elementor-element-8d45bcb elementor-widget-divider--view-line elementor-widget elementor-widget-divider\" data-id=\"8d45bcb\" data-element_type=\"widget\" data-widget_type=\"divider.default\">\n\t\t\t\t<div class=\"elementor-widget-container\">\n\t\t\t\t\t\t\t<div class=\"elementor-divider\">\n\t\t\t<span class=\"elementor-divider-separator\">\n\t\t\t\t\t\t<\/span>\n\t\t<\/div>\n\t\t\t\t\t\t<\/div>\n\t\t\t\t<\/div>\n\t\t\t\t\t<\/div>\n\t\t\t\t<\/div>\n\t\t<div class=\"elementor-element elementor-element-0f02913 e-flex e-con-boxed e-con e-parent\" data-id=\"0f02913\" data-element_type=\"container\">\n\t\t\t\t\t<div class=\"e-con-inner\">\n\t\t<div class=\"elementor-element elementor-element-4faff70 e-con-full e-flex e-con e-child\" data-id=\"4faff70\" data-element_type=\"container\">\n\t\t\t\t<div class=\"elementor-element elementor-element-ee55659 elementor-widget elementor-widget-heading\" data-id=\"ee55659\" data-element_type=\"widget\" data-widget_type=\"heading.default\">\n\t\t\t\t<div class=\"elementor-widget-container\">\n\t\t\t\t\t<h2 class=\"elementor-heading-title elementor-size-default\">Contrata el Programa de Pago por Uso en solo 5 pasos<\/h2>\t\t\t\t<\/div>\n\t\t\t\t<\/div>\n\t\t\t\t<\/div>\n\t\t\t\t\t<\/div>\n\t\t\t\t<\/div>\n\t\t<div class=\"elementor-element elementor-element-a2ec6ef e-flex e-con-boxed e-con e-parent\" data-id=\"a2ec6ef\" data-element_type=\"container\">\n\t\t\t\t\t<div class=\"e-con-inner\">\n\t\t<div class=\"elementor-element elementor-element-4e5ca69 e-con-full e-grid e-con e-child\" data-id=\"4e5ca69\" data-element_type=\"container\">\n\t\t<div class=\"elementor-element elementor-element-626c119 e-con-full e-flex e-con e-child\" data-id=\"626c119\" data-element_type=\"container\">\n\t\t\t\t<div class=\"elementor-element elementor-element-f2c413d animated-slow elementor-invisible elementor-widget elementor-widget-text-editor\" data-id=\"f2c413d\" data-element_type=\"widget\" data-settings=\"{&quot;_animation&quot;:&quot;fadeInRight&quot;}\" data-widget_type=\"text-editor.default\">\n\t\t\t\t<div class=\"elementor-widget-container\">\n\t\t\t\t\t\t\t\t\t<p style=\"padding-left: 120px;\"><a href=\"https:\/\/telentic.es\/prueba\/#contact\"><span style=\"color: #333333;\"><strong>Contacta con nosotros.<\/strong><\/span><\/a><\/p>\t\t\t\t\t\t\t\t<\/div>\n\t\t\t\t<\/div>\n\t\t\t\t<\/div>\n\t\t<div class=\"elementor-element elementor-element-7da9fc3 e-con-full e-flex e-con e-child\" data-id=\"7da9fc3\" data-element_type=\"container\">\n\t\t\t\t<div class=\"elementor-element elementor-element-69f8785 elementor-widget__width-initial animated-slow elementor-invisible elementor-widget elementor-widget-text-editor\" data-id=\"69f8785\" data-element_type=\"widget\" data-settings=\"{&quot;_animation&quot;:&quot;fadeInLeft&quot;}\" data-widget_type=\"text-editor.default\">\n\t\t\t\t<div class=\"elementor-widget-container\">\n\t\t\t\t\t\t\t\t\t<p><span style=\"color: #333333;\"><strong>An\u00e1lisis personalizado:<\/strong> te proponemos la soluci\u00f3n \u00f3ptima de equipamiento y servicio.<\/span><\/p>\t\t\t\t\t\t\t\t<\/div>\n\t\t\t\t<\/div>\n\t\t\t\t<\/div>\n\t\t<div class=\"elementor-element elementor-element-0b06cc1 e-con-full e-flex e-con e-child\" data-id=\"0b06cc1\" data-element_type=\"container\">\n\t\t\t\t<div class=\"elementor-element elementor-element-1cfe4d6 animated-slow elementor-invisible elementor-widget elementor-widget-text-editor\" data-id=\"1cfe4d6\" data-element_type=\"widget\" data-settings=\"{&quot;_animation&quot;:&quot;fadeInRight&quot;}\" data-widget_type=\"text-editor.default\">\n\t\t\t\t<div class=\"elementor-widget-container\">\n\t\t\t\t\t\t\t\t\t<p style=\"padding-left: 120px;\"><span style=\"color: #333333;\"><strong>Oferta:<\/strong> te hacemos la oferta m\u00e1s adecuada y rentable.<\/span><\/p>\t\t\t\t\t\t\t\t<\/div>\n\t\t\t\t<\/div>\n\t\t\t\t<\/div>\n\t\t<div class=\"elementor-element elementor-element-0bb88b8 e-con-full e-flex e-con e-child\" data-id=\"0bb88b8\" data-element_type=\"container\">\n\t\t\t\t<div class=\"elementor-element elementor-element-d864c0e elementor-widget__width-initial elementor-widget-tablet__width-initial animated-slow elementor-invisible elementor-widget elementor-widget-text-editor\" data-id=\"d864c0e\" data-element_type=\"widget\" data-settings=\"{&quot;_animation&quot;:&quot;fadeInLeft&quot;}\" data-widget_type=\"text-editor.default\">\n\t\t\t\t<div class=\"elementor-widget-container\">\n\t\t\t\t\t\t\t\t\t<p><span style=\"color: #333333;\"><strong>Instalaci\u00f3n:<\/strong> ponemos en marcha tus equipos y te suministramos los consumibles que necesites.<\/span><\/p>\t\t\t\t\t\t\t\t<\/div>\n\t\t\t\t<\/div>\n\t\t\t\t<\/div>\n\t\t<div class=\"elementor-element elementor-element-38b4691 e-con-full e-flex e-con e-child\" data-id=\"38b4691\" data-element_type=\"container\">\n\t\t\t\t<div class=\"elementor-element elementor-element-af96cdf animated-slow elementor-invisible elementor-widget elementor-widget-text-editor\" data-id=\"af96cdf\" data-element_type=\"widget\" data-settings=\"{&quot;_animation&quot;:&quot;fadeInRight&quot;}\" data-widget_type=\"text-editor.default\">\n\t\t\t\t<div class=\"elementor-widget-container\">\n\t\t\t\t\t\t\t\t\t<p style=\"padding-left: 120px;\"><span style=\"color: #333333;\"><strong>Seguimiento y control:<\/strong> estaremos siempre a tu lado para asegurarnos de que todo funciona a la perfecci\u00f3n.<\/span><\/p>\t\t\t\t\t\t\t\t<\/div>\n\t\t\t\t<\/div>\n\t\t\t\t<\/div>\n\t\t\t\t<\/div>\n\t\t<div class=\"elementor-element elementor-element-131f2ee e-con-full e-flex e-con e-child\" data-id=\"131f2ee\" data-element_type=\"container\">\n\t\t\t\t<div class=\"elementor-element elementor-element-55b9735 elementor-widget elementor-widget-image\" data-id=\"55b9735\" data-element_type=\"widget\" data-widget_type=\"image.default\">\n\t\t\t\t<div class=\"elementor-widget-container\">\n\t\t\t\t\t\t\t\t\t\t\t\t\t\t\t<img fetchpriority=\"high\" decoding=\"async\" width=\"1024\" height=\"684\" src=\"https:\/\/www.telentic.es\/wp-content\/uploads\/2024\/12\/pagoporuso-1024x684.gif\" class=\"attachment-large size-large wp-image-352\" alt=\"\" srcset=\"https:\/\/www.telentic.es\/wp-content\/uploads\/2024\/12\/pagoporuso-1024x684.gif 1024w, https:\/\/www.telentic.es\/wp-content\/uploads\/2024\/12\/pagoporuso-300x200.gif 300w, https:\/\/www.telentic.es\/wp-content\/uploads\/2024\/12\/pagoporuso-768x513.gif 768w, https:\/\/www.telentic.es\/wp-content\/uploads\/2024\/12\/pagoporuso-1536x1026.gif 1536w, https:\/\/www.telentic.es\/wp-content\/uploads\/2024\/12\/pagoporuso-2048x1367.gif 2048w\" sizes=\"(max-width: 1024px) 100vw, 1024px\" \/>\t\t\t\t\t\t\t\t\t\t\t\t\t\t\t<\/div>\n\t\t\t\t<\/div>\n\t\t\t\t<\/div>\n\t\t\t\t\t<\/div>\n\t\t\t\t<\/div>\n\t\t<div class=\"elementor-element elementor-element-5574c08 e-flex e-con-boxed e-con e-parent\" data-id=\"5574c08\" data-element_type=\"container\">\n\t\t\t\t\t<div class=\"e-con-inner\">\n\t\t\t\t<div class=\"elementor-element elementor-element-9e44932 elementor-absolute elementor-hidden-tablet elementor-hidden-mobile elementor-widget elementor-widget-image\" data-id=\"9e44932\" data-element_type=\"widget\" data-settings=\"{&quot;_position&quot;:&quot;absolute&quot;}\" data-widget_type=\"image.default\">\n\t\t\t\t<div class=\"elementor-widget-container\">\n\t\t\t\t\t\t\t\t\t\t\t\t\t\t\t<img decoding=\"async\" width=\"64\" height=\"64\" src=\"https:\/\/www.telentic.es\/wp-content\/uploads\/2024\/12\/number_179349.png\" class=\"attachment-large size-large wp-image-347\" alt=\"\" \/>\t\t\t\t\t\t\t\t\t\t\t\t\t\t\t<\/div>\n\t\t\t\t<\/div>\n\t\t\t\t<div class=\"elementor-element elementor-element-cb7d2a0 elementor-absolute elementor-hidden-tablet elementor-hidden-mobile elementor-widget elementor-widget-image\" data-id=\"cb7d2a0\" data-element_type=\"widget\" data-settings=\"{&quot;_position&quot;:&quot;absolute&quot;}\" data-widget_type=\"image.default\">\n\t\t\t\t<div class=\"elementor-widget-container\">\n\t\t\t\t\t\t\t\t\t\t\t\t\t\t\t<img loading=\"lazy\" decoding=\"async\" width=\"64\" height=\"64\" src=\"https:\/\/www.telentic.es\/wp-content\/uploads\/2024\/12\/number_179350.png\" class=\"attachment-large size-large wp-image-348\" alt=\"\" \/>\t\t\t\t\t\t\t\t\t\t\t\t\t\t\t<\/div>\n\t\t\t\t<\/div>\n\t\t\t\t<div class=\"elementor-element elementor-element-7bbdbf9 elementor-absolute elementor-hidden-tablet elementor-hidden-mobile elementor-widget elementor-widget-image\" data-id=\"7bbdbf9\" data-element_type=\"widget\" data-settings=\"{&quot;_position&quot;:&quot;absolute&quot;}\" data-widget_type=\"image.default\">\n\t\t\t\t<div class=\"elementor-widget-container\">\n\t\t\t\t\t\t\t\t\t\t\t\t\t\t\t<img loading=\"lazy\" decoding=\"async\" width=\"64\" height=\"64\" src=\"https:\/\/www.telentic.es\/wp-content\/uploads\/2024\/12\/number_179351.png\" class=\"attachment-large size-large wp-image-349\" alt=\"\" \/>\t\t\t\t\t\t\t\t\t\t\t\t\t\t\t<\/div>\n\t\t\t\t<\/div>\n\t\t\t\t<div class=\"elementor-element elementor-element-f830e62 elementor-absolute elementor-hidden-tablet elementor-hidden-mobile elementor-widget elementor-widget-image\" data-id=\"f830e62\" data-element_type=\"widget\" data-settings=\"{&quot;_position&quot;:&quot;absolute&quot;}\" data-widget_type=\"image.default\">\n\t\t\t\t<div class=\"elementor-widget-container\">\n\t\t\t\t\t\t\t\t\t\t\t\t\t\t\t<img loading=\"lazy\" decoding=\"async\" width=\"64\" height=\"64\" src=\"https:\/\/www.telentic.es\/wp-content\/uploads\/2024\/12\/number_179352.png\" class=\"attachment-large size-large wp-image-350\" alt=\"\" \/>\t\t\t\t\t\t\t\t\t\t\t\t\t\t\t<\/div>\n\t\t\t\t<\/div>\n\t\t\t\t<div class=\"elementor-element elementor-element-1a27d91 elementor-absolute elementor-hidden-tablet elementor-hidden-mobile elementor-widget elementor-widget-image\" data-id=\"1a27d91\" data-element_type=\"widget\" data-settings=\"{&quot;_position&quot;:&quot;absolute&quot;}\" data-widget_type=\"image.default\">\n\t\t\t\t<div class=\"elementor-widget-container\">\n\t\t\t\t\t\t\t\t\t\t\t\t\t\t\t<img loading=\"lazy\" decoding=\"async\" width=\"64\" height=\"64\" src=\"https:\/\/www.telentic.es\/wp-content\/uploads\/2024\/12\/number_179357.png\" class=\"attachment-large size-large wp-image-351\" alt=\"\" \/>\t\t\t\t\t\t\t\t\t\t\t\t\t\t\t<\/div>\n\t\t\t\t<\/div>\n\t\t\t\t\t<\/div>\n\t\t\t\t<\/div>\n\t\t\t\t<\/div>\n\t\t","protected":false},"excerpt":{"rendered":"<p>Otra vez se acab\u00f3 el t\u00f3ner &#8230; OTROS IMPRIMEN, T\u00da IMPRESIONAS \u00a0 Con el Programa de Pago por Uso de telenTIC reducir\u00e1s hasta un 30% tus costes de impresi\u00f3n. Imprimir\u00e1s&hellip;<\/p>\n","protected":false},"author":1,"featured_media":0,"parent":0,"menu_order":0,"comment_status":"closed","ping_status":"closed","template":"elementor_header_footer","meta":{"footnotes":""},"class_list":["post-179","page","type-page","status-publish","hentry"],"_links":{"self":[{"href":"https:\/\/www.telentic.es\/index.php\/wp-json\/wp\/v2\/pages\/179","targetHints":{"allow":["GET"]}}],"collection":[{"href":"https:\/\/www.telentic.es\/index.php\/wp-json\/wp\/v2\/pages"}],"about":[{"href":"https:\/\/www.telentic.es\/index.php\/wp-json\/wp\/v2\/types\/page"}],"author":[{"embeddable":true,"href":"https:\/\/www.telentic.es\/index.php\/wp-json\/wp\/v2\/users\/1"}],"replies":[{"embeddable":true,"href":"https:\/\/www.telentic.es\/index.php\/wp-json\/wp\/v2\/comments?post=179"}],"version-history":[{"count":20,"href":"https:\/\/www.telentic.es\/index.php\/wp-json\/wp\/v2\/pages\/179\/revisions"}],"predecessor-version":[{"id":463,"href":"https:\/\/www.telentic.es\/index.php\/wp-json\/wp\/v2\/pages\/179\/revisions\/463"}],"wp:attachment":[{"href":"https:\/\/www.telentic.es\/index.php\/wp-json\/wp\/v2\/media?parent=179"}],"curies":[{"name":"wp","href":"https:\/\/api.w.org\/{rel}","templated":true}]}}