{"id":171,"date":"2024-12-02T12:25:49","date_gmt":"2024-12-02T12:25:49","guid":{"rendered":"https:\/\/www.telentic.es\/prueba\/?page_id=171"},"modified":"2024-12-02T17:03:28","modified_gmt":"2024-12-02T17:03:28","slug":"mantenimiento-informatico","status":"publish","type":"page","link":"https:\/\/www.telentic.es\/index.php\/mantenimiento-informatico\/","title":{"rendered":"Mantenimiento Inform\u00e1tico"},"content":{"rendered":"\t\t<div data-elementor-type=\"wp-page\" data-elementor-id=\"171\" class=\"elementor elementor-171\">\n\t\t\t\t<div class=\"elementor-element elementor-element-98de4dd e-flex e-con-boxed e-con e-parent\" data-id=\"98de4dd\" data-element_type=\"container\">\n\t\t\t\t\t<div class=\"e-con-inner\">\n\t\t\t\t<div class=\"elementor-element elementor-element-c851ddd elementor-widget elementor-widget-spacer\" data-id=\"c851ddd\" data-element_type=\"widget\" data-widget_type=\"spacer.default\">\n\t\t\t\t<div class=\"elementor-widget-container\">\n\t\t\t\t\t\t\t<div class=\"elementor-spacer\">\n\t\t\t<div class=\"elementor-spacer-inner\"><\/div>\n\t\t<\/div>\n\t\t\t\t\t\t<\/div>\n\t\t\t\t<\/div>\n\t\t\t\t\t<\/div>\n\t\t\t\t<\/div>\n\t\t<div class=\"elementor-element elementor-element-c4800a6 e-flex e-con-boxed e-con e-parent\" data-id=\"c4800a6\" data-element_type=\"container\">\n\t\t\t\t\t<div class=\"e-con-inner\">\n\t\t<div class=\"elementor-element elementor-element-0acaac2 e-con-full e-flex e-con e-child\" data-id=\"0acaac2\" data-element_type=\"container\">\n\t\t\t\t<div class=\"elementor-element elementor-element-e290856 elementor-widget elementor-widget-heading\" data-id=\"e290856\" data-element_type=\"widget\" data-widget_type=\"heading.default\">\n\t\t\t\t<div class=\"elementor-widget-container\">\n\t\t\t\t\t<h2 class=\"elementor-heading-title elementor-size-default\">Mantenimiento Bajo Demanda \u2013 Preventivo<\/h2>\t\t\t\t<\/div>\n\t\t\t\t<\/div>\n\t\t\t\t<\/div>\n\t\t<div class=\"elementor-element elementor-element-de2b555 e-con-full e-flex e-con e-child\" data-id=\"de2b555\" data-element_type=\"container\">\n\t\t\t\t<div class=\"elementor-element elementor-element-aa22db7 elementor-widget elementor-widget-heading\" data-id=\"aa22db7\" data-element_type=\"widget\" data-widget_type=\"heading.default\">\n\t\t\t\t<div class=\"elementor-widget-container\">\n\t\t\t\t\t<h3 class=\"elementor-heading-title elementor-size-default\">\u00bfEn qu\u00e9 consiste?<\/h3>\t\t\t\t<\/div>\n\t\t\t\t<\/div>\n\t\t\t\t<\/div>\n\t\t<div class=\"elementor-element elementor-element-54de46c e-con-full e-flex e-con e-child\" data-id=\"54de46c\" data-element_type=\"container\">\n\t\t\t\t<div class=\"elementor-element elementor-element-48e91b1 elementor-widget elementor-widget-text-editor\" data-id=\"48e91b1\" data-element_type=\"widget\" data-widget_type=\"text-editor.default\">\n\t\t\t\t<div class=\"elementor-widget-container\">\n\t\t\t\t\t\t\t\t\t<p><span style=\"color: #333333;\">El servicio consiste en pagar una cuota mensual que da derecho a tener acceso a un tel\u00e9fono de emergencias disponible de 09:00 a 19:30 hora en el que contestan siempre t\u00e9cnicos cualificados en un plazo inferior a 4 horas y a disponer presencialmente de un t\u00e9cnico en las oficinas del cliente con una periodicidad fija para realizar tareas de mantenimiento preventivo. La cuota fija mensual depende de la periodicidad en que se requiere al t\u00e9cnico.<\/span><\/p>\t\t\t\t\t\t\t\t<\/div>\n\t\t\t\t<\/div>\n\t\t\t\t<\/div>\n\t\t<div class=\"elementor-element elementor-element-72bdea2 e-con-full e-flex e-con e-child\" data-id=\"72bdea2\" data-element_type=\"container\">\n\t\t\t\t<div class=\"elementor-element elementor-element-1951348 elementor-widget elementor-widget-heading\" data-id=\"1951348\" data-element_type=\"widget\" data-widget_type=\"heading.default\">\n\t\t\t\t<div class=\"elementor-widget-container\">\n\t\t\t\t\t<h3 class=\"elementor-heading-title elementor-size-default\">\u00bfC\u00f3mo funciona?<\/h3>\t\t\t\t<\/div>\n\t\t\t\t<\/div>\n\t\t\t\t<\/div>\n\t\t<div class=\"elementor-element elementor-element-56459c7 e-con-full e-flex e-con e-child\" data-id=\"56459c7\" data-element_type=\"container\">\n\t\t\t\t<div class=\"elementor-element elementor-element-bf50922 elementor-widget elementor-widget-text-editor\" data-id=\"bf50922\" data-element_type=\"widget\" data-widget_type=\"text-editor.default\">\n\t\t\t\t<div class=\"elementor-widget-container\">\n\t\t\t\t\t\t\t\t\t<p><span style=\"color: #333333;\">Por un lado tenemos las intervenciones a domicilio preventivas incluidas en la cuota y por otro lado tenemos el d\u00eda a d\u00eda. Ante una incidencia o duda se llama al tel\u00e9fono directo de los t\u00e9cnicos, si se resuelve dentro de los primeros 15 minutos no se cobra nada, si requiere de m\u00e1s tiempo de resoluci\u00f3n o de intervenci\u00f3n a domicilio urgente, estas horas se facturan a final de mes con un 25% de descuento. (Hora SAT oficial 36,90\u20ac con el 25% de descuento, 27,67\u20ac), se cobran en fracciones de \u00bd hora.<\/span><\/p>\t\t\t\t\t\t\t\t<\/div>\n\t\t\t\t<\/div>\n\t\t\t\t<\/div>\n\t\t<div class=\"elementor-element elementor-element-d8b39eb e-con-full e-flex e-con e-child\" data-id=\"d8b39eb\" data-element_type=\"container\">\n\t\t\t\t<div class=\"elementor-element elementor-element-590e978 elementor-widget elementor-widget-heading\" data-id=\"590e978\" data-element_type=\"widget\" data-widget_type=\"heading.default\">\n\t\t\t\t<div class=\"elementor-widget-container\">\n\t\t\t\t\t<h3 class=\"elementor-heading-title elementor-size-default\">\u00bfA qui\u00e9n va dirigido?<\/h3>\t\t\t\t<\/div>\n\t\t\t\t<\/div>\n\t\t\t\t<\/div>\n\t\t<div class=\"elementor-element elementor-element-d90dbc8 e-con-full e-flex e-con e-child\" data-id=\"d90dbc8\" data-element_type=\"container\">\n\t\t\t\t<div class=\"elementor-element elementor-element-2b69d12 elementor-widget elementor-widget-text-editor\" data-id=\"2b69d12\" data-element_type=\"widget\" data-widget_type=\"text-editor.default\">\n\t\t\t\t<div class=\"elementor-widget-container\">\n\t\t\t\t\t\t\t\t\t<p><span style=\"color: #333333;\">A Pymes, micro-pymes o aut\u00f3nomos que quieran disponer de un mantenimiento inform\u00e1tico con tiempo de respuesta garantizado a bajo coste invirtiendo en la prevenci\u00f3n de sus sistemas inform\u00e1ticos.<\/span><\/p>\t\t\t\t\t\t\t\t<\/div>\n\t\t\t\t<\/div>\n\t\t\t\t<\/div>\n\t\t<div class=\"elementor-element elementor-element-870fe00 e-con-full e-flex e-con e-child\" data-id=\"870fe00\" data-element_type=\"container\">\n\t\t\t\t<div class=\"elementor-element elementor-element-122b0b9 elementor-widget elementor-widget-heading\" data-id=\"122b0b9\" data-element_type=\"widget\" data-widget_type=\"heading.default\">\n\t\t\t\t<div class=\"elementor-widget-container\">\n\t\t\t\t\t<h3 class=\"elementor-heading-title elementor-size-default\">\u00bfQu\u00e9 ventajas tiene?<\/h3>\t\t\t\t<\/div>\n\t\t\t\t<\/div>\n\t\t\t\t<\/div>\n\t\t<div class=\"elementor-element elementor-element-f64c850 e-con-full e-flex e-con e-child\" data-id=\"f64c850\" data-element_type=\"container\">\n\t\t\t\t<div class=\"elementor-element elementor-element-56e8711 elementor-widget elementor-widget-text-editor\" data-id=\"56e8711\" data-element_type=\"widget\" data-widget_type=\"text-editor.default\">\n\t\t\t\t<div class=\"elementor-widget-container\">\n\t\t\t\t\t\t\t\t\t<p><span style=\"color: #333333;\">Se realiza un mantenimiento preventivo en las oficinas del cliente, se est\u00e1 cubierto en caso de emergencias, el coste fijo es bajo, no hay permanencia m\u00ednima y se paga a mes vencido.<\/span><\/p>\t\t\t\t\t\t\t\t<\/div>\n\t\t\t\t<\/div>\n\t\t\t\t<\/div>\n\t\t<div class=\"elementor-element elementor-element-615cdf8 e-con-full e-flex e-con e-child\" data-id=\"615cdf8\" data-element_type=\"container\">\n\t\t\t\t<div class=\"elementor-element elementor-element-edd14a6 elementor-widget elementor-widget-heading\" data-id=\"edd14a6\" data-element_type=\"widget\" data-widget_type=\"heading.default\">\n\t\t\t\t<div class=\"elementor-widget-container\">\n\t\t\t\t\t<h3 class=\"elementor-heading-title elementor-size-default\">\u00bfQu\u00e9 \u00e1mbitos cubrimos?<\/h3>\t\t\t\t<\/div>\n\t\t\t\t<\/div>\n\t\t\t\t<\/div>\n\t\t<div class=\"elementor-element elementor-element-5f2a859 e-con-full e-flex e-con e-child\" data-id=\"5f2a859\" data-element_type=\"container\">\n\t\t\t\t<div class=\"elementor-element elementor-element-a10992f elementor-widget elementor-widget-text-editor\" data-id=\"a10992f\" data-element_type=\"widget\" data-widget_type=\"text-editor.default\">\n\t\t\t\t<div class=\"elementor-widget-container\">\n\t\t\t\t\t\t\t\t\t<p><span style=\"color: #333333;\">Como bien dice el t\u00edtulo del mantenimiento preventivo, en las visitas fijas preventivas se trabaja sobre el estado de los servidores, copias de seguridad, y seguridad general de la red, en las intervenciones de emergencia tratamos cualquier aspecto relacionado con el mundo IT.<\/span><\/p>\t\t\t\t\t\t\t\t<\/div>\n\t\t\t\t<\/div>\n\t\t\t\t<\/div>\n\t\t<div class=\"elementor-element elementor-element-5e45b87 e-con-full e-flex e-con e-child\" data-id=\"5e45b87\" data-element_type=\"container\">\n\t\t\t\t<div class=\"elementor-element elementor-element-52768c3 elementor-widget elementor-widget-heading\" data-id=\"52768c3\" data-element_type=\"widget\" data-widget_type=\"heading.default\">\n\t\t\t\t<div class=\"elementor-widget-container\">\n\t\t\t\t\t<h3 class=\"elementor-heading-title elementor-size-default\">\u00bfQu\u00e9 garant\u00edas tengo?<\/h3>\t\t\t\t<\/div>\n\t\t\t\t<\/div>\n\t\t\t\t<\/div>\n\t\t<div class=\"elementor-element elementor-element-f405518 e-con-full e-flex e-con e-child\" data-id=\"f405518\" data-element_type=\"container\">\n\t\t\t\t<div class=\"elementor-element elementor-element-d9f702c elementor-widget elementor-widget-text-editor\" data-id=\"d9f702c\" data-element_type=\"widget\" data-widget_type=\"text-editor.default\">\n\t\t\t\t<div class=\"elementor-widget-container\">\n\t\t\t\t\t\t\t\t\t<p><span style=\"color: #333333;\">Garant\u00eda de satisfacci\u00f3n TOTAL. Facturaci\u00f3n a final de mes con reporte de todos los partes realizados. Si no se est\u00e1 de acuerdo con una intervenci\u00f3n, NO se paga.<\/span><\/p>\t\t\t\t\t\t\t\t<\/div>\n\t\t\t\t<\/div>\n\t\t\t\t<\/div>\n\t\t<div class=\"elementor-element elementor-element-8758870 e-con-full e-flex e-con e-child\" data-id=\"8758870\" data-element_type=\"container\">\n\t\t\t\t<div class=\"elementor-element elementor-element-ab6ed81 elementor-widget elementor-widget-heading\" data-id=\"ab6ed81\" data-element_type=\"widget\" data-widget_type=\"heading.default\">\n\t\t\t\t<div class=\"elementor-widget-container\">\n\t\t\t\t\t<h3 class=\"elementor-heading-title elementor-size-default\">\u00bfQu\u00e9 cuesta?<\/h3>\t\t\t\t<\/div>\n\t\t\t\t<\/div>\n\t\t\t\t<\/div>\n\t\t<div class=\"elementor-element elementor-element-6d7c5a6 e-con-full e-flex e-con e-child\" data-id=\"6d7c5a6\" data-element_type=\"container\">\n\t\t\t\t<div class=\"elementor-element elementor-element-5774346 elementor-widget elementor-widget-text-editor\" data-id=\"5774346\" data-element_type=\"widget\" data-widget_type=\"text-editor.default\">\n\t\t\t\t<div class=\"elementor-widget-container\">\n\t\t\t\t\t\t\t\t\t<p><span style=\"color: #333333;\">La cuota fija depende de la periodicidad contratada, las intervenciones de m\u00e1s de 15 minutos se cobran en fracciones de \u00bd hora con un descuento de 25% sobre tarifa de SAT.<\/span><\/p>\t\t\t\t\t\t\t\t<\/div>\n\t\t\t\t<\/div>\n\t\t\t\t<\/div>\n\t\t\t\t\t<\/div>\n\t\t\t\t<\/div>\n\t\t<div class=\"elementor-element elementor-element-76b0aa0 e-flex e-con-boxed e-con e-parent\" data-id=\"76b0aa0\" data-element_type=\"container\">\n\t\t\t\t\t<div class=\"e-con-inner\">\n\t\t\t\t<div class=\"elementor-element elementor-element-8609417 elementor-widget elementor-widget-spacer\" data-id=\"8609417\" data-element_type=\"widget\" data-widget_type=\"spacer.default\">\n\t\t\t\t<div class=\"elementor-widget-container\">\n\t\t\t\t\t\t\t<div class=\"elementor-spacer\">\n\t\t\t<div class=\"elementor-spacer-inner\"><\/div>\n\t\t<\/div>\n\t\t\t\t\t\t<\/div>\n\t\t\t\t<\/div>\n\t\t\t\t\t<\/div>\n\t\t\t\t<\/div>\n\t\t<div class=\"elementor-element elementor-element-6ebbaad e-flex e-con-boxed e-con e-parent\" data-id=\"6ebbaad\" data-element_type=\"container\">\n\t\t\t\t\t<div class=\"e-con-inner\">\n\t\t<div class=\"elementor-element elementor-element-a90a512 e-con-full e-flex e-con e-child\" data-id=\"a90a512\" data-element_type=\"container\">\n\t\t\t\t<div class=\"elementor-element elementor-element-167c4c8 elementor-widget elementor-widget-heading\" data-id=\"167c4c8\" data-element_type=\"widget\" data-widget_type=\"heading.default\">\n\t\t\t\t<div class=\"elementor-widget-container\">\n\t\t\t\t\t<h2 class=\"elementor-heading-title elementor-size-default\">Mantenimiento Bajo Demanda<\/h2>\t\t\t\t<\/div>\n\t\t\t\t<\/div>\n\t\t\t\t<\/div>\n\t\t<div class=\"elementor-element elementor-element-f6ab307 e-con-full e-flex e-con e-child\" data-id=\"f6ab307\" data-element_type=\"container\">\n\t\t\t\t<div class=\"elementor-element elementor-element-bc67d0d elementor-widget elementor-widget-heading\" data-id=\"bc67d0d\" data-element_type=\"widget\" data-widget_type=\"heading.default\">\n\t\t\t\t<div class=\"elementor-widget-container\">\n\t\t\t\t\t<h3 class=\"elementor-heading-title elementor-size-default\">\u00bfEn qu\u00e9 consiste?<\/h3>\t\t\t\t<\/div>\n\t\t\t\t<\/div>\n\t\t\t\t<\/div>\n\t\t<div class=\"elementor-element elementor-element-db50a6b e-con-full e-flex e-con e-child\" data-id=\"db50a6b\" data-element_type=\"container\">\n\t\t\t\t<div class=\"elementor-element elementor-element-88e35fc elementor-widget elementor-widget-text-editor\" data-id=\"88e35fc\" data-element_type=\"widget\" data-widget_type=\"text-editor.default\">\n\t\t\t\t<div class=\"elementor-widget-container\">\n\t\t\t\t\t\t\t\t\t<p><span style=\"color: #333333;\">El servicio consiste en pagar una peque\u00f1a cuota de\u00a0<strong><u>12,5\u20ac mensual<\/u><\/strong>\u00a0que da derecho a tener acceso a un tel\u00e9fono de emergencias disponible de 09:00 a 19:30 hora en el que contestan siempre t\u00e9cnicos cualificados y en un plazo inferior a 1 horas. Los primeros 15 minutos de intervenci\u00f3n remota no se cobran, el resto de horas se cobran con un descuento del 25%<\/span><\/p>\t\t\t\t\t\t\t\t<\/div>\n\t\t\t\t<\/div>\n\t\t\t\t<\/div>\n\t\t<div class=\"elementor-element elementor-element-ebb622d e-con-full e-flex e-con e-child\" data-id=\"ebb622d\" data-element_type=\"container\">\n\t\t\t\t<div class=\"elementor-element elementor-element-6e55d83 elementor-widget elementor-widget-heading\" data-id=\"6e55d83\" data-element_type=\"widget\" data-widget_type=\"heading.default\">\n\t\t\t\t<div class=\"elementor-widget-container\">\n\t\t\t\t\t<h3 class=\"elementor-heading-title elementor-size-default\">\u00bfC\u00f3mo funciona?<\/h3>\t\t\t\t<\/div>\n\t\t\t\t<\/div>\n\t\t\t\t<\/div>\n\t\t<div class=\"elementor-element elementor-element-691f3d1 e-con-full e-flex e-con e-child\" data-id=\"691f3d1\" data-element_type=\"container\">\n\t\t\t\t<div class=\"elementor-element elementor-element-77005c3 elementor-widget elementor-widget-text-editor\" data-id=\"77005c3\" data-element_type=\"widget\" data-widget_type=\"text-editor.default\">\n\t\t\t\t<div class=\"elementor-widget-container\">\n\t\t\t\t\t\t\t\t\t<p><span style=\"color: #333333;\">Ante una incidencia o duda se llama al tel\u00e9fono directo de los t\u00e9cnicos, si se resuelve dentro de los primeros 15 minutos, no se cobra nada, si requiere de m\u00e1s tiempo de resoluci\u00f3n o de intervenci\u00f3n a domicilio, estas horas se facturan a final de mes con un 25% de descuento. (Hora SAT oficial 36,90\u20ac con el 25% de descuento, 27,67\u20ac), se cobran en fracciones de \u00bd hora.<\/span><\/p>\t\t\t\t\t\t\t\t<\/div>\n\t\t\t\t<\/div>\n\t\t\t\t<\/div>\n\t\t<div class=\"elementor-element elementor-element-a396d65 e-con-full e-flex e-con e-child\" data-id=\"a396d65\" data-element_type=\"container\">\n\t\t\t\t<div class=\"elementor-element elementor-element-9ecca06 elementor-widget elementor-widget-heading\" data-id=\"9ecca06\" data-element_type=\"widget\" data-widget_type=\"heading.default\">\n\t\t\t\t<div class=\"elementor-widget-container\">\n\t\t\t\t\t<h3 class=\"elementor-heading-title elementor-size-default\">\u00bfA qui\u00e9n va dirigido?<\/h3>\t\t\t\t<\/div>\n\t\t\t\t<\/div>\n\t\t\t\t<\/div>\n\t\t<div class=\"elementor-element elementor-element-d6602b0 e-con-full e-flex e-con e-child\" data-id=\"d6602b0\" data-element_type=\"container\">\n\t\t\t\t<div class=\"elementor-element elementor-element-8a2e7ce elementor-widget elementor-widget-text-editor\" data-id=\"8a2e7ce\" data-element_type=\"widget\" data-widget_type=\"text-editor.default\">\n\t\t\t\t<div class=\"elementor-widget-container\">\n\t\t\t\t\t\t\t\t\t<p><span style=\"color: #333333;\">A Pymes, micro-pymes o aut\u00f3nomos que quieran disponer de un mantenimiento inform\u00e1tico con tiempo de respuesta garantizado a bajo coste.<\/span><\/p>\t\t\t\t\t\t\t\t<\/div>\n\t\t\t\t<\/div>\n\t\t\t\t<\/div>\n\t\t<div class=\"elementor-element elementor-element-18b1f65 e-con-full e-flex e-con e-child\" data-id=\"18b1f65\" data-element_type=\"container\">\n\t\t\t\t<div class=\"elementor-element elementor-element-9d7d7fd elementor-widget elementor-widget-heading\" data-id=\"9d7d7fd\" data-element_type=\"widget\" data-widget_type=\"heading.default\">\n\t\t\t\t<div class=\"elementor-widget-container\">\n\t\t\t\t\t<h3 class=\"elementor-heading-title elementor-size-default\">\u00bfQu\u00e9 ventajas tiene?<\/h3>\t\t\t\t<\/div>\n\t\t\t\t<\/div>\n\t\t\t\t<\/div>\n\t\t<div class=\"elementor-element elementor-element-7c9c4af e-con-full e-flex e-con e-child\" data-id=\"7c9c4af\" data-element_type=\"container\">\n\t\t\t\t<div class=\"elementor-element elementor-element-274cd16 elementor-widget elementor-widget-text-editor\" data-id=\"274cd16\" data-element_type=\"widget\" data-widget_type=\"text-editor.default\">\n\t\t\t\t<div class=\"elementor-widget-container\">\n\t\t\t\t\t\t\t\t\t<p><span style=\"color: #333333;\">Se est\u00e1 cubierto en caso de emergencias, el coste fijo es baj\u00edsimo, no hay permanencia m\u00ednima, se paga a mes vencido.<\/span><\/p>\t\t\t\t\t\t\t\t<\/div>\n\t\t\t\t<\/div>\n\t\t\t\t<\/div>\n\t\t<div class=\"elementor-element elementor-element-fb1ce12 e-con-full e-flex e-con e-child\" data-id=\"fb1ce12\" data-element_type=\"container\">\n\t\t\t\t<div class=\"elementor-element elementor-element-1da621e elementor-widget elementor-widget-heading\" data-id=\"1da621e\" data-element_type=\"widget\" data-widget_type=\"heading.default\">\n\t\t\t\t<div class=\"elementor-widget-container\">\n\t\t\t\t\t<h3 class=\"elementor-heading-title elementor-size-default\">\u00bfQu\u00e9 \u00e1mbitos cubrimos?<\/h3>\t\t\t\t<\/div>\n\t\t\t\t<\/div>\n\t\t\t\t<\/div>\n\t\t<div class=\"elementor-element elementor-element-72a6682 e-con-full e-flex e-con e-child\" data-id=\"72a6682\" data-element_type=\"container\">\n\t\t\t\t<div class=\"elementor-element elementor-element-d296d50 elementor-widget elementor-widget-text-editor\" data-id=\"d296d50\" data-element_type=\"widget\" data-widget_type=\"text-editor.default\">\n\t\t\t\t<div class=\"elementor-widget-container\">\n\t\t\t\t\t\t\t\t\t<p><span style=\"color: #333333;\">Como bien dice el t\u00edtulo del mantenimiento, se trabaja siempre bajo demanda. Este hecho hace que no se trabaje en \u00e1mbitos de la prevenci\u00f3n de incidencias ni en la verificaci\u00f3n de los sistemas.<\/span><\/p>\t\t\t\t\t\t\t\t<\/div>\n\t\t\t\t<\/div>\n\t\t\t\t<\/div>\n\t\t<div class=\"elementor-element elementor-element-d4f7780 e-con-full e-flex e-con e-child\" data-id=\"d4f7780\" data-element_type=\"container\">\n\t\t\t\t<div class=\"elementor-element elementor-element-61cc907 elementor-widget elementor-widget-heading\" data-id=\"61cc907\" data-element_type=\"widget\" data-widget_type=\"heading.default\">\n\t\t\t\t<div class=\"elementor-widget-container\">\n\t\t\t\t\t<h3 class=\"elementor-heading-title elementor-size-default\">\u00bfQu\u00e9 garant\u00edas tengo?<\/h3>\t\t\t\t<\/div>\n\t\t\t\t<\/div>\n\t\t\t\t<\/div>\n\t\t<div class=\"elementor-element elementor-element-81c3445 e-con-full e-flex e-con e-child\" data-id=\"81c3445\" data-element_type=\"container\">\n\t\t\t\t<div class=\"elementor-element elementor-element-b5f9fad elementor-widget elementor-widget-text-editor\" data-id=\"b5f9fad\" data-element_type=\"widget\" data-widget_type=\"text-editor.default\">\n\t\t\t\t<div class=\"elementor-widget-container\">\n\t\t\t\t\t\t\t\t\t<p><span style=\"color: #333333;\">Garant\u00eda de satisfacci\u00f3n TOTAL. Facturaci\u00f3n a final de mes con reporte de todos los partes realizados. Si no se est\u00e1 de acuerdo con una intervenci\u00f3n, NO se paga.<\/span><\/p>\t\t\t\t\t\t\t\t<\/div>\n\t\t\t\t<\/div>\n\t\t\t\t<\/div>\n\t\t<div class=\"elementor-element elementor-element-d5a75ad e-con-full e-flex e-con e-child\" data-id=\"d5a75ad\" data-element_type=\"container\">\n\t\t\t\t<div class=\"elementor-element elementor-element-736e036 elementor-widget elementor-widget-heading\" data-id=\"736e036\" data-element_type=\"widget\" data-widget_type=\"heading.default\">\n\t\t\t\t<div class=\"elementor-widget-container\">\n\t\t\t\t\t<h3 class=\"elementor-heading-title elementor-size-default\">\u00bfQu\u00e9 cuesta?<\/h3>\t\t\t\t<\/div>\n\t\t\t\t<\/div>\n\t\t\t\t<\/div>\n\t\t<div class=\"elementor-element elementor-element-3742c4a e-con-full e-flex e-con e-child\" data-id=\"3742c4a\" data-element_type=\"container\">\n\t\t\t\t<div class=\"elementor-element elementor-element-75df9bf elementor-widget elementor-widget-text-editor\" data-id=\"75df9bf\" data-element_type=\"widget\" data-widget_type=\"text-editor.default\">\n\t\t\t\t<div class=\"elementor-widget-container\">\n\t\t\t\t\t\t\t\t\t<p><span style=\"color: #333333;\">La cuota fija es de 12.50\u20ac, las intervenciones de m\u00e1s de 15 minutos se cobran en fracciones de \u00bd hora con un descuento de 25% sobre tarifa de SAT. Ver tablas de precios en hoja 4.<\/span><\/p>\t\t\t\t\t\t\t\t<\/div>\n\t\t\t\t<\/div>\n\t\t\t\t<\/div>\n\t\t\t\t\t<\/div>\n\t\t\t\t<\/div>\n\t\t<div class=\"elementor-element elementor-element-295eab6 e-flex e-con-boxed e-con e-parent\" data-id=\"295eab6\" data-element_type=\"container\">\n\t\t\t\t\t<div class=\"e-con-inner\">\n\t\t\t\t<div class=\"elementor-element elementor-element-ebeca08 elementor-widget elementor-widget-spacer\" data-id=\"ebeca08\" data-element_type=\"widget\" data-widget_type=\"spacer.default\">\n\t\t\t\t<div class=\"elementor-widget-container\">\n\t\t\t\t\t\t\t<div class=\"elementor-spacer\">\n\t\t\t<div class=\"elementor-spacer-inner\"><\/div>\n\t\t<\/div>\n\t\t\t\t\t\t<\/div>\n\t\t\t\t<\/div>\n\t\t\t\t\t<\/div>\n\t\t\t\t<\/div>\n\t\t\t\t<\/div>\n\t\t","protected":false},"excerpt":{"rendered":"<p>Mantenimiento Bajo Demanda \u2013 Preventivo \u00bfEn qu\u00e9 consiste? El servicio consiste en pagar una cuota mensual que da derecho a tener acceso a un tel\u00e9fono de emergencias disponible de 09:00&hellip;<\/p>\n","protected":false},"author":1,"featured_media":0,"parent":0,"menu_order":0,"comment_status":"closed","ping_status":"closed","template":"elementor_header_footer","meta":{"footnotes":""},"class_list":["post-171","page","type-page","status-publish","hentry"],"_links":{"self":[{"href":"https:\/\/www.telentic.es\/index.php\/wp-json\/wp\/v2\/pages\/171","targetHints":{"allow":["GET"]}}],"collection":[{"href":"https:\/\/www.telentic.es\/index.php\/wp-json\/wp\/v2\/pages"}],"about":[{"href":"https:\/\/www.telentic.es\/index.php\/wp-json\/wp\/v2\/types\/page"}],"author":[{"embeddable":true,"href":"https:\/\/www.telentic.es\/index.php\/wp-json\/wp\/v2\/users\/1"}],"replies":[{"embeddable":true,"href":"https:\/\/www.telentic.es\/index.php\/wp-json\/wp\/v2\/comments?post=171"}],"version-history":[{"count":10,"href":"https:\/\/www.telentic.es\/index.php\/wp-json\/wp\/v2\/pages\/171\/revisions"}],"predecessor-version":[{"id":328,"href":"https:\/\/www.telentic.es\/index.php\/wp-json\/wp\/v2\/pages\/171\/revisions\/328"}],"wp:attachment":[{"href":"https:\/\/www.telentic.es\/index.php\/wp-json\/wp\/v2\/media?parent=171"}],"curies":[{"name":"wp","href":"https:\/\/api.w.org\/{rel}","templated":true}]}}