{"id":169,"date":"2024-12-02T12:25:32","date_gmt":"2024-12-02T12:25:32","guid":{"rendered":"https:\/\/www.telentic.es\/prueba\/?page_id=169"},"modified":"2024-12-03T10:59:26","modified_gmt":"2024-12-03T10:59:26","slug":"copias-de-seguridad","status":"publish","type":"page","link":"https:\/\/www.telentic.es\/index.php\/copias-de-seguridad\/","title":{"rendered":"Copias de Seguridad"},"content":{"rendered":"\t\t<div data-elementor-type=\"wp-page\" data-elementor-id=\"169\" class=\"elementor elementor-169\">\n\t\t\t\t<div class=\"elementor-element elementor-element-6e81d34 e-flex e-con-boxed e-con e-parent\" data-id=\"6e81d34\" data-element_type=\"container\">\n\t\t\t\t\t<div class=\"e-con-inner\">\n\t\t\t\t<div class=\"elementor-element elementor-element-1ef87bc elementor-widget elementor-widget-spacer\" data-id=\"1ef87bc\" data-element_type=\"widget\" data-widget_type=\"spacer.default\">\n\t\t\t\t<div class=\"elementor-widget-container\">\n\t\t\t\t\t\t\t<div class=\"elementor-spacer\">\n\t\t\t<div class=\"elementor-spacer-inner\"><\/div>\n\t\t<\/div>\n\t\t\t\t\t\t<\/div>\n\t\t\t\t<\/div>\n\t\t\t\t\t<\/div>\n\t\t\t\t<\/div>\n\t\t<div class=\"elementor-element elementor-element-fd47423 e-flex e-con-boxed e-con e-parent\" data-id=\"fd47423\" data-element_type=\"container\">\n\t\t\t\t\t<div class=\"e-con-inner\">\n\t\t<div class=\"elementor-element elementor-element-ea52a20 e-con-full e-flex e-con e-child\" data-id=\"ea52a20\" data-element_type=\"container\">\n\t\t\t\t<div class=\"elementor-element elementor-element-4b2bbf2 elementor-widget elementor-widget-heading\" data-id=\"4b2bbf2\" data-element_type=\"widget\" data-widget_type=\"heading.default\">\n\t\t\t\t<div class=\"elementor-widget-container\">\n\t\t\t\t\t<h2 class=\"elementor-heading-title elementor-size-default\">\u00bfQu\u00e9 es el Backup en Cloud?<\/h2>\t\t\t\t<\/div>\n\t\t\t\t<\/div>\n\t\t\t\t<\/div>\n\t\t<div class=\"elementor-element elementor-element-facfe30 e-con-full e-flex e-con e-child\" data-id=\"facfe30\" data-element_type=\"container\">\n\t\t\t\t<div class=\"elementor-element elementor-element-5b98531 elementor-widget elementor-widget-text-editor\" data-id=\"5b98531\" data-element_type=\"widget\" data-widget_type=\"text-editor.default\">\n\t\t\t\t<div class=\"elementor-widget-container\">\n\t\t\t\t\t\t\t\t\t<p><span style=\"color: #333333;\">El servicio de Backup en Cloud proporciona copia de seguridad y recuperaci\u00f3n ante desastres externa segura y escalable para cualquier tipo de datos, en cualquier momento y en cualquier lugar. Esta soluci\u00f3n de copia de seguridad integrada y f\u00e1cil de utilizar funciona con el cloud de Acronis: almacenamiento seguro definido por software que se encuentra en un centro de datos remoto.<\/span><\/p><ul><li><span style=\"color: #333333;\">Realiza copias de seguridad de todo (discos, particiones, servidores, datos) en el cloud de Acronis<\/span><\/li><li><span style=\"color: #333333;\">Recupera lo que necesite de manera r\u00e1pida y f\u00e1cil: archivos, carpetas, aplicaciones o un sistema entero<\/span><\/li><\/ul>\t\t\t\t\t\t\t\t<\/div>\n\t\t\t\t<\/div>\n\t\t\t\t<div class=\"elementor-element elementor-element-194fae9 elementor-absolute elementor-widget elementor-widget-image\" data-id=\"194fae9\" data-element_type=\"widget\" data-settings=\"{&quot;_position&quot;:&quot;absolute&quot;}\" data-widget_type=\"image.default\">\n\t\t\t\t<div class=\"elementor-widget-container\">\n\t\t\t\t\t\t\t\t\t\t\t\t\t\t\t<img fetchpriority=\"high\" decoding=\"async\" width=\"300\" height=\"184\" src=\"https:\/\/www.telentic.es\/wp-content\/uploads\/2024\/12\/8145f9d30d1d64e826226d0c32717021-300x184.png\" class=\"attachment-medium size-medium wp-image-292\" alt=\"\" srcset=\"https:\/\/www.telentic.es\/wp-content\/uploads\/2024\/12\/8145f9d30d1d64e826226d0c32717021-300x184.png 300w, https:\/\/www.telentic.es\/wp-content\/uploads\/2024\/12\/8145f9d30d1d64e826226d0c32717021-768x470.png 768w, https:\/\/www.telentic.es\/wp-content\/uploads\/2024\/12\/8145f9d30d1d64e826226d0c32717021.png 1000w\" sizes=\"(max-width: 300px) 100vw, 300px\" \/>\t\t\t\t\t\t\t\t\t\t\t\t\t\t\t<\/div>\n\t\t\t\t<\/div>\n\t\t\t\t<\/div>\n\t\t\t\t\t<\/div>\n\t\t\t\t<\/div>\n\t\t<div class=\"elementor-element elementor-element-f46ec08 e-con-full e-flex e-con e-parent\" data-id=\"f46ec08\" data-element_type=\"container\">\n\t\t\t\t<div class=\"elementor-element elementor-element-85f8f32 elementor-widget elementor-widget-spacer\" data-id=\"85f8f32\" data-element_type=\"widget\" data-widget_type=\"spacer.default\">\n\t\t\t\t<div class=\"elementor-widget-container\">\n\t\t\t\t\t\t\t<div class=\"elementor-spacer\">\n\t\t\t<div class=\"elementor-spacer-inner\"><\/div>\n\t\t<\/div>\n\t\t\t\t\t\t<\/div>\n\t\t\t\t<\/div>\n\t\t\t\t<div class=\"elementor-element elementor-element-a73291e elementor-widget-divider--view-line elementor-widget elementor-widget-divider\" data-id=\"a73291e\" data-element_type=\"widget\" data-widget_type=\"divider.default\">\n\t\t\t\t<div class=\"elementor-widget-container\">\n\t\t\t\t\t\t\t<div class=\"elementor-divider\">\n\t\t\t<span class=\"elementor-divider-separator\">\n\t\t\t\t\t\t<\/span>\n\t\t<\/div>\n\t\t\t\t\t\t<\/div>\n\t\t\t\t<\/div>\n\t\t\t\t<\/div>\n\t\t<div class=\"elementor-element elementor-element-396c572 e-con-full e-flex e-con e-parent\" data-id=\"396c572\" data-element_type=\"container\">\n\t\t\t\t<\/div>\n\t\t<div class=\"elementor-element elementor-element-fa76d13 e-flex e-con-boxed e-con e-parent\" data-id=\"fa76d13\" data-element_type=\"container\">\n\t\t\t\t\t<div class=\"e-con-inner\">\n\t\t<div class=\"elementor-element elementor-element-fd0b5f1 e-con-full e-flex e-con e-child\" data-id=\"fd0b5f1\" data-element_type=\"container\">\n\t\t\t\t<div class=\"elementor-element elementor-element-ff6c23c elementor-widget elementor-widget-heading\" data-id=\"ff6c23c\" data-element_type=\"widget\" data-widget_type=\"heading.default\">\n\t\t\t\t<div class=\"elementor-widget-container\">\n\t\t\t\t\t<h2 class=\"elementor-heading-title elementor-size-default\">\u00bfPor qu\u00e9 Acronis Backup en Cloud?<\/h2>\t\t\t\t<\/div>\n\t\t\t\t<\/div>\n\t\t\t\t<\/div>\n\t\t<div class=\"elementor-element elementor-element-84ea4b3 e-con-full e-flex e-con e-child\" data-id=\"84ea4b3\" data-element_type=\"container\">\n\t\t\t\t<div class=\"elementor-element elementor-element-52aed40 elementor-widget elementor-widget-heading\" data-id=\"52aed40\" data-element_type=\"widget\" data-widget_type=\"heading.default\">\n\t\t\t\t<div class=\"elementor-widget-container\">\n\t\t\t\t\t<h3 class=\"elementor-heading-title elementor-size-default\">F\u00e1cil y completo<\/h3>\t\t\t\t<\/div>\n\t\t\t\t<\/div>\n\t\t\t\t<\/div>\n\t\t<div class=\"elementor-element elementor-element-33bfe05 e-con-full e-flex e-con e-child\" data-id=\"33bfe05\" data-element_type=\"container\">\n\t\t\t\t<div class=\"elementor-element elementor-element-e64afd9 elementor-widget elementor-widget-text-editor\" data-id=\"e64afd9\" data-element_type=\"widget\" data-widget_type=\"text-editor.default\">\n\t\t\t\t<div class=\"elementor-widget-container\">\n\t\t\t\t\t\t\t\t\t<p><span style=\"color: #333333;\">Equipado con el motor de Acronis AnyData, Acronis Backup en Cloud es una soluci\u00f3n de copia de seguridad en l\u00ednea integrada y f\u00e1cil de utilizar. Todo lo que tiene que hacer es\u00a0adquirir una suscripci\u00f3n, seleccionar el tama\u00f1o de almacenamiento en el cloud que necesita, y listo.<\/span><\/p>\t\t\t\t\t\t\t\t<\/div>\n\t\t\t\t<\/div>\n\t\t\t\t<\/div>\n\t\t<div class=\"elementor-element elementor-element-2291be1 e-con-full e-flex e-con e-child\" data-id=\"2291be1\" data-element_type=\"container\">\n\t\t\t\t<div class=\"elementor-element elementor-element-3f1a48e elementor-widget elementor-widget-heading\" data-id=\"3f1a48e\" data-element_type=\"widget\" data-widget_type=\"heading.default\">\n\t\t\t\t<div class=\"elementor-widget-container\">\n\t\t\t\t\t<h3 class=\"elementor-heading-title elementor-size-default\">Admite la estrategia de protecci\u00f3n de datos 3-2-1<\/h3>\t\t\t\t<\/div>\n\t\t\t\t<\/div>\n\t\t\t\t<\/div>\n\t\t<div class=\"elementor-element elementor-element-3d714ff e-con-full e-flex e-con e-child\" data-id=\"3d714ff\" data-element_type=\"container\">\n\t\t\t\t<div class=\"elementor-element elementor-element-046fd05 elementor-widget elementor-widget-text-editor\" data-id=\"046fd05\" data-element_type=\"widget\" data-widget_type=\"text-editor.default\">\n\t\t\t\t<div class=\"elementor-widget-container\">\n\t\t\t\t\t\t\t\t\t<p class=\"field-content\"><span style=\"color: #333333;\">Puede implementar f\u00e1cilmente la estrategia de protecci\u00f3n de datos 3-2-1 para mantener sus datos a prueba de desastres:<\/span><\/p>\t\t\t\t\t\t\t\t<\/div>\n\t\t\t\t<\/div>\n\t\t\t\t<\/div>\n\t\t<div class=\"elementor-element elementor-element-28243b3 e-con-full e-flex e-con e-child\" data-id=\"28243b3\" data-element_type=\"container\">\n\t\t\t\t<div class=\"elementor-element elementor-element-bb532bf animated-slow elementor-invisible elementor-widget elementor-widget-image\" data-id=\"bb532bf\" data-element_type=\"widget\" data-settings=\"{&quot;_animation&quot;:&quot;fadeIn&quot;}\" data-widget_type=\"image.default\">\n\t\t\t\t<div class=\"elementor-widget-container\">\n\t\t\t\t\t\t\t\t\t\t\t\t\t\t\t<img decoding=\"async\" width=\"961\" height=\"276\" src=\"https:\/\/www.telentic.es\/wp-content\/uploads\/2024\/12\/Acronis-Backup-telentic.png\" class=\"attachment-large size-large wp-image-293\" alt=\"\" srcset=\"https:\/\/www.telentic.es\/wp-content\/uploads\/2024\/12\/Acronis-Backup-telentic.png 961w, https:\/\/www.telentic.es\/wp-content\/uploads\/2024\/12\/Acronis-Backup-telentic-300x86.png 300w, https:\/\/www.telentic.es\/wp-content\/uploads\/2024\/12\/Acronis-Backup-telentic-768x221.png 768w, https:\/\/www.telentic.es\/wp-content\/uploads\/2024\/12\/Acronis-Backup-telentic-350x100.png 350w\" sizes=\"(max-width: 961px) 100vw, 961px\" \/>\t\t\t\t\t\t\t\t\t\t\t\t\t\t\t<\/div>\n\t\t\t\t<\/div>\n\t\t\t\t<\/div>\n\t\t\t\t<div class=\"elementor-element elementor-element-8277c72 elementor-widget elementor-widget-heading\" data-id=\"8277c72\" data-element_type=\"widget\" data-widget_type=\"heading.default\">\n\t\t\t\t<div class=\"elementor-widget-container\">\n\t\t\t\t\t<h3 class=\"elementor-heading-title elementor-size-default\">Caracter\u00edsticas esenciales<\/h3>\t\t\t\t<\/div>\n\t\t\t\t<\/div>\n\t\t\t\t<div class=\"elementor-element elementor-element-91b96d8 elementor-widget elementor-widget-text-editor\" data-id=\"91b96d8\" data-element_type=\"widget\" data-widget_type=\"text-editor.default\">\n\t\t\t\t<div class=\"elementor-widget-container\">\n\t\t\t\t\t\t\t\t\t<div class=\"block-content content\"><div class=\"view view-product-features view-id-product_features view-display-id-block_5 product-features grid-2 image-left view-dom-id-e11d182240bbe6f913c859e2ee74a6b1\"><div class=\"view-content\"><div class=\"views-row views-row-1 views-row-odd views-row-first\"><div class=\"ds-1col node node-product-features node-teaser internal-node article odd node-lang-en node--product_features--teaser nid-1832 view-mode-teaser clearfix\"><div class=\"field field-name-title field-type-ds field-label-hidden view-mode-teaser\"><div class=\"field-items\"><div class=\"field-item even\"><ul><li><span style=\"color: #333333;\"><strong>Cifrado AES-256 oficial seguro:<\/strong> Protege el acceso, almacenamiento y transferencia de los datos.<\/span><\/li><\/ul><\/div><\/div><\/div><\/div><\/div><div class=\"ds-1col node node-product-features node-teaser internal-node article even node-lang-en node--product_features--teaser nid-1833 view-mode-teaser clearfix\"><div class=\"field field-name-title field-type-ds field-label-hidden view-mode-teaser\"><div class=\"field-items\"><div class=\"field-item even\"><ul><li><span style=\"color: #333333;\"><strong>Servicios de recopilaci\u00f3n inicial:<\/strong> Ahorre tiempo desplazando grandes vol\u00famenes de datos r\u00e1pidamente al cloud de Acronis.<\/span><\/li><\/ul><\/div><\/div><\/div><\/div><div class=\"ds-1col node node-product-features node-teaser internal-node article odd node-lang-en node--product_features--teaser nid-1834 view-mode-teaser clearfix\"><div class=\"field field-name-title field-type-ds field-label-hidden view-mode-teaser\"><div class=\"field-items\"><div class=\"field-item even\"><ul><li><span style=\"color: #333333;\"><strong>Servicios de recuperaci\u00f3n a gran escala:<\/strong> Le ayudar\u00e1n a recuperar grandes vol\u00famenes de datos r\u00e1pidamente en caso de desastre.<\/span><\/li><\/ul><\/div><\/div><\/div><\/div><div class=\"ds-1col node node-product-features node-teaser internal-node article even node-lang-en node--product_features--teaser nid-1835 view-mode-teaser clearfix\"><div class=\"field-items\"><div class=\"field-item even\"><ul><li><span style=\"color: #333333;\"><strong>Centros de datos seguros con certificaci\u00f3n SSAE 16:<\/strong> Est\u00e1n equipados con las tecnolog\u00edas de prevenci\u00f3n de desastres m\u00e1s modernas.<\/span><\/li><\/ul><\/div><\/div><\/div><\/div><\/div><\/div>\t\t\t\t\t\t\t\t<\/div>\n\t\t\t\t<\/div>\n\t\t\t\t\t<\/div>\n\t\t\t\t<\/div>\n\t\t<div class=\"elementor-element elementor-element-9a92cff e-flex e-con-boxed e-con e-parent\" data-id=\"9a92cff\" data-element_type=\"container\">\n\t\t\t\t\t<div class=\"e-con-inner\">\n\t\t\t\t<div class=\"elementor-element elementor-element-eb17c94 elementor-widget elementor-widget-spacer\" data-id=\"eb17c94\" data-element_type=\"widget\" data-widget_type=\"spacer.default\">\n\t\t\t\t<div class=\"elementor-widget-container\">\n\t\t\t\t\t\t\t<div class=\"elementor-spacer\">\n\t\t\t<div class=\"elementor-spacer-inner\"><\/div>\n\t\t<\/div>\n\t\t\t\t\t\t<\/div>\n\t\t\t\t<\/div>\n\t\t\t\t\t<\/div>\n\t\t\t\t<\/div>\n\t\t\t\t<\/div>\n\t\t","protected":false},"excerpt":{"rendered":"<p>\u00bfQu\u00e9 es el Backup en Cloud? El servicio de Backup en Cloud proporciona copia de seguridad y recuperaci\u00f3n ante desastres externa segura y escalable para cualquier tipo de datos, en&hellip;<\/p>\n","protected":false},"author":1,"featured_media":0,"parent":0,"menu_order":0,"comment_status":"closed","ping_status":"closed","template":"elementor_header_footer","meta":{"footnotes":""},"class_list":["post-169","page","type-page","status-publish","hentry"],"_links":{"self":[{"href":"https:\/\/www.telentic.es\/index.php\/wp-json\/wp\/v2\/pages\/169","targetHints":{"allow":["GET"]}}],"collection":[{"href":"https:\/\/www.telentic.es\/index.php\/wp-json\/wp\/v2\/pages"}],"about":[{"href":"https:\/\/www.telentic.es\/index.php\/wp-json\/wp\/v2\/types\/page"}],"author":[{"embeddable":true,"href":"https:\/\/www.telentic.es\/index.php\/wp-json\/wp\/v2\/users\/1"}],"replies":[{"embeddable":true,"href":"https:\/\/www.telentic.es\/index.php\/wp-json\/wp\/v2\/comments?post=169"}],"version-history":[{"count":31,"href":"https:\/\/www.telentic.es\/index.php\/wp-json\/wp\/v2\/pages\/169\/revisions"}],"predecessor-version":[{"id":364,"href":"https:\/\/www.telentic.es\/index.php\/wp-json\/wp\/v2\/pages\/169\/revisions\/364"}],"wp:attachment":[{"href":"https:\/\/www.telentic.es\/index.php\/wp-json\/wp\/v2\/media?parent=169"}],"curies":[{"name":"wp","href":"https:\/\/api.w.org\/{rel}","templated":true}]}}